{"id":16813,"date":"2023-11-04T03:20:11","date_gmt":"2023-11-04T02:20:11","guid":{"rendered":"http:\/\/innocentiemangonipiante.it\/viburnum-rhytidophyllum\/"},"modified":"2023-11-09T10:41:29","modified_gmt":"2023-11-09T09:41:29","slug":"viburnum-rhytidophyllum","status":"publish","type":"product","link":"https:\/\/innocentiemangonipiante.it\/es\/viburnum-rhytidophyllum\/","title":{"rendered":"VIBURNUM rhytidophyllum"},"content":{"rendered":"<p>R\u00fastico y perenne, con forma erecta. Hojas cori\u00e1ceas y alargadas (hasta 20 cm), verde oscuro en el haz y gris en el env\u00e9s, con marcada nervadura. En mayo emite corimbos blancos, seguidos de bayas rojas de oto\u00f1o a enero. Muy resistenmte al fr\u00edo y a la poluci\u00f3n.<\/p>\n","protected":false},"excerpt":{"rendered":"<p>R\u00fastico y perenne, con forma erecta. Hojas cori\u00e1ceas y alargadas (hasta 20 cm), verde oscuro en el haz y gris en el env\u00e9s, con marcada nervadura. En mayo emite corimbos blancos, seguidos de bayas rojas de oto\u00f1o a enero. Muy resistenmte al fr\u00edo y a la poluci\u00f3n.<\/p>\n","protected":false},"featured_media":5963,"template":"","meta":{"_acf_changed":false},"product_brand":[],"product_cat":[8312],"product_tag":[10899],"class_list":{"0":"post-16813","1":"product","2":"type-product","3":"status-publish","4":"has-post-thumbnail","6":"product_cat-sin-categoria","7":"product_tag-natural-es","8":"pa_altezza-massima-300-es","9":"pa_altezza-massima-500-es","10":"pa_colore-fioritura-blanco","11":"pa_condizionamento-clt-es","12":"pa_famiglia-caprifoliaceae-es","13":"pa_genere-viburnum-es","14":"pa_origine-asia-oriental","15":"pa_periodo-fioritura-mayo","16":"pa_periodo-fruttificazione-julio","17":"pa_portamento-de-columna-es","18":"pa_resistenza-climatica-media-elevada","19":"pa_salinita-resistente-alla-salsedine-es","20":"pa_utilizzo-parques","21":"pa_utilizzo-pequenos-jardines","22":"pa_utilizzo-setos","24":"first","25":"instock","26":"purchasable","27":"product-type-simple"},"acf":[],"_links":{"self":[{"href":"https:\/\/innocentiemangonipiante.it\/es\/wp-json\/wp\/v2\/product\/16813","targetHints":{"allow":["GET"]}}],"collection":[{"href":"https:\/\/innocentiemangonipiante.it\/es\/wp-json\/wp\/v2\/product"}],"about":[{"href":"https:\/\/innocentiemangonipiante.it\/es\/wp-json\/wp\/v2\/types\/product"}],"wp:featuredmedia":[{"embeddable":true,"href":"https:\/\/innocentiemangonipiante.it\/es\/wp-json\/wp\/v2\/media\/5963"}],"wp:attachment":[{"href":"https:\/\/innocentiemangonipiante.it\/es\/wp-json\/wp\/v2\/media?parent=16813"}],"wp:term":[{"taxonomy":"product_brand","embeddable":true,"href":"https:\/\/innocentiemangonipiante.it\/es\/wp-json\/wp\/v2\/product_brand?post=16813"},{"taxonomy":"product_cat","embeddable":true,"href":"https:\/\/innocentiemangonipiante.it\/es\/wp-json\/wp\/v2\/product_cat?post=16813"},{"taxonomy":"product_tag","embeddable":true,"href":"https:\/\/innocentiemangonipiante.it\/es\/wp-json\/wp\/v2\/product_tag?post=16813"}],"curies":[{"name":"wp","href":"https:\/\/api.w.org\/{rel}","templated":true}]}}