{"id":16816,"date":"2023-11-04T03:19:25","date_gmt":"2023-11-04T02:19:25","guid":{"rendered":"http:\/\/innocentiemangonipiante.it\/viburnum-opulus-roseum\/"},"modified":"2023-11-09T10:41:03","modified_gmt":"2023-11-09T09:41:03","slug":"viburnum-opulus-roseum","status":"publish","type":"product","link":"https:\/\/innocentiemangonipiante.it\/es\/viburnum-opulus-roseum\/","title":{"rendered":"VIBURNUM opulus &#8216;Roseum&#8217;"},"content":{"rendered":"<p>Arbusto caduco de porte redondeado con hojas trilobadas verde oscuro largas hasta 10 cm que vuelven a rosa p\u00farpura en oto\u00f1o. Lleva grandes flores est\u00e9riles, de color blanco, en cimas esf\u00e9ricas anchas 5-6 cm.<\/p>\n","protected":false},"excerpt":{"rendered":"<p>Arbusto caduco de porte redondeado con hojas trilobadas verde oscuro largas hasta 10 cm que vuelven a rosa p\u00farpura en oto\u00f1o. Lleva grandes flores est\u00e9riles, de color blanco, en cimas esf\u00e9ricas anchas 5-6 cm.<\/p>\n","protected":false},"featured_media":5945,"template":"","meta":{"_acf_changed":false},"product_brand":[],"product_cat":[8312],"product_tag":[10899],"class_list":{"0":"post-16816","1":"product","2":"type-product","3":"status-publish","4":"has-post-thumbnail","6":"product_cat-sin-categoria","7":"product_tag-natural-es","8":"pa_altezza-massima-300-es","9":"pa_altezza-massima-400-es","10":"pa_colore-fioritura-blanco","11":"pa_condizionamento-clt-es","12":"pa_condizionamento-vs-es","13":"pa_famiglia-caprifoliaceae-es","14":"pa_genere-viburnum-es","15":"pa_inquinamento-resistente-al-smog","16":"pa_origine-europe-es","17":"pa_periodo-fioritura-junio","18":"pa_portamento-arrotondato-es","19":"pa_resistenza-climatica-muy-elevada","20":"pa_resistenza-del-suolo-resistente-a-los-suelos-calcareos","21":"pa_salinita-resistente-alla-salsedine-es","22":"pa_utilizzo-parques","23":"pa_utilizzo-pequenos-jardines","25":"first","26":"instock","27":"purchasable","28":"product-type-simple"},"acf":[],"_links":{"self":[{"href":"https:\/\/innocentiemangonipiante.it\/es\/wp-json\/wp\/v2\/product\/16816","targetHints":{"allow":["GET"]}}],"collection":[{"href":"https:\/\/innocentiemangonipiante.it\/es\/wp-json\/wp\/v2\/product"}],"about":[{"href":"https:\/\/innocentiemangonipiante.it\/es\/wp-json\/wp\/v2\/types\/product"}],"wp:featuredmedia":[{"embeddable":true,"href":"https:\/\/innocentiemangonipiante.it\/es\/wp-json\/wp\/v2\/media\/5945"}],"wp:attachment":[{"href":"https:\/\/innocentiemangonipiante.it\/es\/wp-json\/wp\/v2\/media?parent=16816"}],"wp:term":[{"taxonomy":"product_brand","embeddable":true,"href":"https:\/\/innocentiemangonipiante.it\/es\/wp-json\/wp\/v2\/product_brand?post=16816"},{"taxonomy":"product_cat","embeddable":true,"href":"https:\/\/innocentiemangonipiante.it\/es\/wp-json\/wp\/v2\/product_cat?post=16816"},{"taxonomy":"product_tag","embeddable":true,"href":"https:\/\/innocentiemangonipiante.it\/es\/wp-json\/wp\/v2\/product_tag?post=16816"}],"curies":[{"name":"wp","href":"https:\/\/api.w.org\/{rel}","templated":true}]}}