{"id":16817,"date":"2023-11-04T03:19:02","date_gmt":"2023-11-04T02:19:02","guid":{"rendered":"http:\/\/innocentiemangonipiante.it\/viburnum-davidii\/"},"modified":"2023-11-09T10:40:26","modified_gmt":"2023-11-09T09:40:26","slug":"viburnum-davidii","status":"publish","type":"product","link":"https:\/\/innocentiemangonipiante.it\/es\/viburnum-davidii\/","title":{"rendered":"VIBURNUM davidii"},"content":{"rendered":"<p>Arbusto perenne, compacto, en forma de coj\u00edn con hojas ovadas largas hasta 15 cm. En junio se producen grupos peque\u00f1os de flores tubulares de color blanco-rosa dispuestas en cimas platas de di\u00e1metro de cerca 8 cm. A continuac\u00f3n de frutos ovoidales de color azul met\u00e1lico.<\/p>\n","protected":false},"excerpt":{"rendered":"<p>Arbusto perenne, compacto, en forma de coj\u00edn con hojas ovadas largas hasta 15 cm. En junio se producen grupos peque\u00f1os de flores tubulares de color blanco-rosa dispuestas en cimas platas de di\u00e1metro de cerca 8 cm. A continuac\u00f3n de frutos ovoidales de color azul met\u00e1lico.<\/p>\n","protected":false},"featured_media":5938,"template":"","meta":{"_acf_changed":false},"product_brand":[],"product_cat":[8312],"product_tag":[10899],"class_list":{"0":"post-16817","1":"product","2":"type-product","3":"status-publish","4":"has-post-thumbnail","6":"product_cat-sin-categoria","7":"product_tag-natural-es","8":"pa_altezza-massima-0_80-metros","9":"pa_altezza-massima-130-es","10":"pa_colore-fioritura-rosado","11":"pa_condizionamento-clt-es","12":"pa_famiglia-caprifoliaceae-es","13":"pa_genere-viburnum-es","14":"pa_origine-asia-oriental","15":"pa_periodo-fioritura-junio","16":"pa_portamento-arrotondato-es","17":"pa_resistenza-climatica-muy-elevada","18":"pa_salinita-resistente-alla-salsedine-es","19":"pa_utilizzo-pequenos-jardines","21":"first","22":"instock","23":"purchasable","24":"product-type-simple"},"acf":[],"_links":{"self":[{"href":"https:\/\/innocentiemangonipiante.it\/es\/wp-json\/wp\/v2\/product\/16817","targetHints":{"allow":["GET"]}}],"collection":[{"href":"https:\/\/innocentiemangonipiante.it\/es\/wp-json\/wp\/v2\/product"}],"about":[{"href":"https:\/\/innocentiemangonipiante.it\/es\/wp-json\/wp\/v2\/types\/product"}],"wp:featuredmedia":[{"embeddable":true,"href":"https:\/\/innocentiemangonipiante.it\/es\/wp-json\/wp\/v2\/media\/5938"}],"wp:attachment":[{"href":"https:\/\/innocentiemangonipiante.it\/es\/wp-json\/wp\/v2\/media?parent=16817"}],"wp:term":[{"taxonomy":"product_brand","embeddable":true,"href":"https:\/\/innocentiemangonipiante.it\/es\/wp-json\/wp\/v2\/product_brand?post=16817"},{"taxonomy":"product_cat","embeddable":true,"href":"https:\/\/innocentiemangonipiante.it\/es\/wp-json\/wp\/v2\/product_cat?post=16817"},{"taxonomy":"product_tag","embeddable":true,"href":"https:\/\/innocentiemangonipiante.it\/es\/wp-json\/wp\/v2\/product_tag?post=16817"}],"curies":[{"name":"wp","href":"https:\/\/api.w.org\/{rel}","templated":true}]}}