{"id":16821,"date":"2023-11-04T03:21:01","date_gmt":"2023-11-04T02:21:01","guid":{"rendered":"http:\/\/innocentiemangonipiante.it\/viburnum-x-bodnantense-dawn\/"},"modified":"2023-11-09T10:42:08","modified_gmt":"2023-11-09T09:42:08","slug":"viburnum-x-bodnantense-dawn","status":"publish","type":"product","link":"https:\/\/innocentiemangonipiante.it\/es\/viburnum-x-bodnantense-dawn\/","title":{"rendered":"VIBURNUM x bodnantense &#8216;Dawn&#8217;"},"content":{"rendered":"<p>Arbusto caduco de porte erguido, sobre tallos sutiles, poco ramificado en la fase juvenil, a continuaci\u00f3n m\u00e1s matoso y denso. Las hojas son opuestas, de ovadas a el\u00edpticas, dentadas, bronceadas en edad juvenil, luego verde oscuro. De dicembre a febrero-marzo lleva flores intensamente perfumadas, tubulares, de blanco-rosa a rosa intenso-rojo, dispuestas en ramilletes espesos que se desarrollan sobre los troncos desnudos.<\/p>\n","protected":false},"excerpt":{"rendered":"<p>Arbusto caduco de porte erguido, sobre tallos sutiles, poco ramificado en la fase juvenil, a continuaci\u00f3n m\u00e1s matoso y denso. Las hojas son opuestas, de ovadas a el\u00edpticas, dentadas, bronceadas en edad juvenil, luego verde oscuro. De dicembre a febrero-marzo lleva flores intensamente perfumadas, tubulares, de blanco-rosa a rosa intenso-rojo, dispuestas en ramilletes espesos que [&hellip;]<\/p>\n","protected":false},"featured_media":5981,"template":"","meta":{"_acf_changed":false},"product_brand":[],"product_cat":[8312],"product_tag":[10899],"class_list":{"0":"post-16821","1":"product","2":"type-product","3":"status-publish","4":"has-post-thumbnail","6":"product_cat-sin-categoria","7":"product_tag-natural-es","8":"pa_altezza-massima-300-es","9":"pa_altezza-massima-400-es","10":"pa_colore-fioritura-blanco","11":"pa_condizionamento-clt-es","12":"pa_famiglia-caprifoliaceae-es","13":"pa_genere-viburnum-es","14":"pa_origine-gales","15":"pa_periodo-fioritura-diciembre","16":"pa_periodo-fioritura-enero","17":"pa_periodo-fioritura-febrero","18":"pa_periodo-fioritura-marzo-es","19":"pa_portamento-arrotondato-es","20":"pa_profumo-intenso-es","21":"pa_resistenza-climatica-muy-elevada","22":"pa_resistenza-del-suolo-resistente-a-los-suelos-calcareos","23":"pa_salinita-resistente-alla-salsedine-es","24":"pa_utilizzo-parques","25":"pa_utilizzo-pequenos-jardines","27":"first","28":"instock","29":"purchasable","30":"product-type-simple"},"acf":[],"_links":{"self":[{"href":"https:\/\/innocentiemangonipiante.it\/es\/wp-json\/wp\/v2\/product\/16821","targetHints":{"allow":["GET"]}}],"collection":[{"href":"https:\/\/innocentiemangonipiante.it\/es\/wp-json\/wp\/v2\/product"}],"about":[{"href":"https:\/\/innocentiemangonipiante.it\/es\/wp-json\/wp\/v2\/types\/product"}],"wp:featuredmedia":[{"embeddable":true,"href":"https:\/\/innocentiemangonipiante.it\/es\/wp-json\/wp\/v2\/media\/5981"}],"wp:attachment":[{"href":"https:\/\/innocentiemangonipiante.it\/es\/wp-json\/wp\/v2\/media?parent=16821"}],"wp:term":[{"taxonomy":"product_brand","embeddable":true,"href":"https:\/\/innocentiemangonipiante.it\/es\/wp-json\/wp\/v2\/product_brand?post=16821"},{"taxonomy":"product_cat","embeddable":true,"href":"https:\/\/innocentiemangonipiante.it\/es\/wp-json\/wp\/v2\/product_cat?post=16821"},{"taxonomy":"product_tag","embeddable":true,"href":"https:\/\/innocentiemangonipiante.it\/es\/wp-json\/wp\/v2\/product_tag?post=16821"}],"curies":[{"name":"wp","href":"https:\/\/api.w.org\/{rel}","templated":true}]}}