{"id":16823,"date":"2023-11-04T03:21:52","date_gmt":"2023-11-04T02:21:52","guid":{"rendered":"http:\/\/innocentiemangonipiante.it\/vitis-coignetiae\/"},"modified":"2023-11-09T10:42:43","modified_gmt":"2023-11-09T09:42:43","slug":"vitis-coignetiae","status":"publish","type":"product","link":"https:\/\/innocentiemangonipiante.it\/es\/vitis-coignetiae\/","title":{"rendered":"VITIS coignetiae"},"content":{"rendered":"<p>Planta vigorosa, trepadora, caduca con grandes hojas en forma de corazon, con m\u00e1rgenes irregulares de color verde oscuro, 30cm de longitud, qui vuelven en rojo brillante en oto\u00f1o. Frutos esf\u00e9ricos desagradable en oto\u00f1o.<\/p>\n","protected":false},"excerpt":{"rendered":"<p>Planta vigorosa, trepadora, caduca con grandes hojas en forma de corazon, con m\u00e1rgenes irregulares de color verde oscuro, 30cm de longitud, qui vuelven en rojo brillante en oto\u00f1o. Frutos esf\u00e9ricos desagradable en oto\u00f1o.<\/p>\n","protected":false},"featured_media":6005,"template":"","meta":{"_acf_changed":false},"product_brand":[],"product_cat":[8810],"product_tag":[10899],"class_list":{"0":"post-16823","1":"product","2":"type-product","3":"status-publish","4":"has-post-thumbnail","6":"product_cat-frutales","7":"product_tag-natural-es","8":"pa_altezza-massima-1000-es-2","9":"pa_altezza-massima-15-metros","10":"pa_condizionamento-clt-es","11":"pa_famiglia-vitaceae-es","12":"pa_genere-vitis-es","13":"pa_origine-asia-es","14":"pa_periodo-fruttificazione-octubre","15":"pa_periodo-fruttificazione-septiembre","16":"pa_resistenza-climatica-media-elevada","17":"pa_resistenza-del-suolo-resistente-a-los-suelos-calcareos","18":"pa_resistenza-del-suolo-resistente-a-los-suelos-secos","19":"pa_utilizzo-parques","20":"pa_utilizzo-pequenos-jardines","22":"first","23":"instock","24":"purchasable","25":"product-type-simple"},"acf":[],"_links":{"self":[{"href":"https:\/\/innocentiemangonipiante.it\/es\/wp-json\/wp\/v2\/product\/16823","targetHints":{"allow":["GET"]}}],"collection":[{"href":"https:\/\/innocentiemangonipiante.it\/es\/wp-json\/wp\/v2\/product"}],"about":[{"href":"https:\/\/innocentiemangonipiante.it\/es\/wp-json\/wp\/v2\/types\/product"}],"wp:featuredmedia":[{"embeddable":true,"href":"https:\/\/innocentiemangonipiante.it\/es\/wp-json\/wp\/v2\/media\/6005"}],"wp:attachment":[{"href":"https:\/\/innocentiemangonipiante.it\/es\/wp-json\/wp\/v2\/media?parent=16823"}],"wp:term":[{"taxonomy":"product_brand","embeddable":true,"href":"https:\/\/innocentiemangonipiante.it\/es\/wp-json\/wp\/v2\/product_brand?post=16823"},{"taxonomy":"product_cat","embeddable":true,"href":"https:\/\/innocentiemangonipiante.it\/es\/wp-json\/wp\/v2\/product_cat?post=16823"},{"taxonomy":"product_tag","embeddable":true,"href":"https:\/\/innocentiemangonipiante.it\/es\/wp-json\/wp\/v2\/product_tag?post=16823"}],"curies":[{"name":"wp","href":"https:\/\/api.w.org\/{rel}","templated":true}]}}