{"id":16830,"date":"2023-11-04T03:27:44","date_gmt":"2023-11-04T02:27:44","guid":{"rendered":"http:\/\/innocentiemangonipiante.it\/wisteria-sinensis-amethyst\/"},"modified":"2023-11-09T10:47:52","modified_gmt":"2023-11-09T09:47:52","slug":"wisteria-sinensis-amethyst","status":"publish","type":"product","link":"https:\/\/innocentiemangonipiante.it\/es\/wisteria-sinensis-amethyst\/","title":{"rendered":"WISTERIA sinensis &#8216;Amethyst&#8217;"},"content":{"rendered":"<p>Floraci\u00f3n de color azul muy abundante. Vegetaci\u00f3n lenta. Al inicio de la vegetaci\u00f3n las hojas son bronceadas y sucesivamente se vuelven verde brillante.<\/p>\n","protected":false},"excerpt":{"rendered":"<p>Floraci\u00f3n de color azul muy abundante. Vegetaci\u00f3n lenta. Al inicio de la vegetaci\u00f3n las hojas son bronceadas y sucesivamente se vuelven verde brillante.<\/p>\n","protected":false},"featured_media":0,"template":"","meta":{"_acf_changed":false},"product_brand":[],"product_cat":[8838],"product_tag":[10899,13892,8454,8752,8737,8566,8402],"class_list":{"0":"post-16830","1":"product","2":"type-product","3":"status-publish","5":"product_cat-enredaderas","6":"product_tag-natural-es","7":"product_tag-alto-tallo-sombrilla","8":"product_tag-arco-es","9":"product_tag-atras","10":"product_tag-cuarto-de-tallo","11":"product_tag-medio-tallo","12":"product_tag-tallo-alto","13":"pa_altezza-massima-1000-es-2","14":"pa_altezza-massima-15-metros","15":"pa_colore-fioritura-azul-es","16":"pa_condizionamento-clt-es","17":"pa_condizionamento-florero-cuadrado","18":"pa_famiglia-leguminosae-es","19":"pa_genere-wisteria-es","20":"pa_origine-cina","21":"pa_periodo-fioritura-abril","22":"pa_profumo-intenso-es","23":"pa_resistenza-climatica-media-elevada","24":"pa_resistenza-del-suolo-resistente-a-los-suelos-calcareos","25":"pa_utilizzo-parques","27":"first","28":"instock","29":"purchasable","30":"product-type-simple"},"acf":[],"_links":{"self":[{"href":"https:\/\/innocentiemangonipiante.it\/es\/wp-json\/wp\/v2\/product\/16830","targetHints":{"allow":["GET"]}}],"collection":[{"href":"https:\/\/innocentiemangonipiante.it\/es\/wp-json\/wp\/v2\/product"}],"about":[{"href":"https:\/\/innocentiemangonipiante.it\/es\/wp-json\/wp\/v2\/types\/product"}],"wp:attachment":[{"href":"https:\/\/innocentiemangonipiante.it\/es\/wp-json\/wp\/v2\/media?parent=16830"}],"wp:term":[{"taxonomy":"product_brand","embeddable":true,"href":"https:\/\/innocentiemangonipiante.it\/es\/wp-json\/wp\/v2\/product_brand?post=16830"},{"taxonomy":"product_cat","embeddable":true,"href":"https:\/\/innocentiemangonipiante.it\/es\/wp-json\/wp\/v2\/product_cat?post=16830"},{"taxonomy":"product_tag","embeddable":true,"href":"https:\/\/innocentiemangonipiante.it\/es\/wp-json\/wp\/v2\/product_tag?post=16830"}],"curies":[{"name":"wp","href":"https:\/\/api.w.org\/{rel}","templated":true}]}}