{"id":16838,"date":"2023-11-04T03:26:57","date_gmt":"2023-11-04T02:26:57","guid":{"rendered":"http:\/\/innocentiemangonipiante.it\/wisteria-floribunda-macrobotrys\/"},"modified":"2023-11-09T10:46:56","modified_gmt":"2023-11-09T09:46:56","slug":"wisteria-floribunda-macrobotrys","status":"publish","type":"product","link":"https:\/\/innocentiemangonipiante.it\/es\/wisteria-floribunda-macrobotrys\/","title":{"rendered":"WISTERIA floribunda &#8216;Macrobotrys&#8217;"},"content":{"rendered":"<p>Variedad maravillosa por la estupefaciente belleza de sus racimos. Flores violeta claro con mancha interna color p\u00farpura, poco perfumadas. Se abren progresivamente de arriba a debajo sobre racimos de 60 a 120 cm. Floraci\u00f3n despu\u00e9s el 2\u00b0- 3\u00b0 a\u00f1o.<\/p>\n","protected":false},"excerpt":{"rendered":"<p>Variedad maravillosa por la estupefaciente belleza de sus racimos. Flores violeta claro con mancha interna color p\u00farpura, poco perfumadas. Se abren progresivamente de arriba a debajo sobre racimos de 60 a 120 cm. Floraci\u00f3n despu\u00e9s el 2\u00b0- 3\u00b0 a\u00f1o.<\/p>\n","protected":false},"featured_media":6059,"template":"","meta":{"_acf_changed":false},"product_brand":[],"product_cat":[8838],"product_tag":[10899,13892,8454,8752,8737,8566,8402,8434],"class_list":{"0":"post-16838","1":"product","2":"type-product","3":"status-publish","4":"has-post-thumbnail","6":"product_cat-enredaderas","7":"product_tag-natural-es","8":"product_tag-alto-tallo-sombrilla","9":"product_tag-arco-es","10":"product_tag-atras","11":"product_tag-cuarto-de-tallo","12":"product_tag-medio-tallo","13":"product_tag-tallo-alto","14":"product_tag-techo-de-tronco-alto","15":"pa_altezza-massima-800-es","16":"pa_altezza-massima-1000-es-2","17":"pa_colore-fioritura-violeta","18":"pa_condizionamento-caja-de-madera","19":"pa_condizionamento-clt-es","20":"pa_condizionamento-florero-cuadrado","21":"pa_famiglia-leguminosae-es","22":"pa_genere-wisteria-es","23":"pa_origine-japon-es","24":"pa_periodo-fioritura-abril","25":"pa_profumo-delicato-es","26":"pa_resistenza-climatica-media-elevada","27":"pa_resistenza-del-suolo-resistente-a-los-suelos-calcareos","28":"pa_utilizzo-parques","30":"first","31":"instock","32":"purchasable","33":"product-type-simple"},"acf":[],"_links":{"self":[{"href":"https:\/\/innocentiemangonipiante.it\/es\/wp-json\/wp\/v2\/product\/16838","targetHints":{"allow":["GET"]}}],"collection":[{"href":"https:\/\/innocentiemangonipiante.it\/es\/wp-json\/wp\/v2\/product"}],"about":[{"href":"https:\/\/innocentiemangonipiante.it\/es\/wp-json\/wp\/v2\/types\/product"}],"wp:featuredmedia":[{"embeddable":true,"href":"https:\/\/innocentiemangonipiante.it\/es\/wp-json\/wp\/v2\/media\/6059"}],"wp:attachment":[{"href":"https:\/\/innocentiemangonipiante.it\/es\/wp-json\/wp\/v2\/media?parent=16838"}],"wp:term":[{"taxonomy":"product_brand","embeddable":true,"href":"https:\/\/innocentiemangonipiante.it\/es\/wp-json\/wp\/v2\/product_brand?post=16838"},{"taxonomy":"product_cat","embeddable":true,"href":"https:\/\/innocentiemangonipiante.it\/es\/wp-json\/wp\/v2\/product_cat?post=16838"},{"taxonomy":"product_tag","embeddable":true,"href":"https:\/\/innocentiemangonipiante.it\/es\/wp-json\/wp\/v2\/product_tag?post=16838"}],"curies":[{"name":"wp","href":"https:\/\/api.w.org\/{rel}","templated":true}]}}