{"id":16841,"date":"2023-11-04T03:26:29","date_gmt":"2023-11-04T02:26:29","guid":{"rendered":"http:\/\/innocentiemangonipiante.it\/wisteria-floribunda-black-dragon\/"},"modified":"2023-11-09T10:46:35","modified_gmt":"2023-11-09T09:46:35","slug":"wisteria-floribunda-black-dragon","status":"publish","type":"product","link":"https:\/\/innocentiemangonipiante.it\/es\/wisteria-floribunda-black-dragon\/","title":{"rendered":"WISTERIA floribunda &#8216;Black Dragon&#8217;"},"content":{"rendered":"<p>Flores dobles, vistosa de color ila oscuro con matices p\u00farpura, perfumadas, en racimos largos 30-40 cm, irregulares. Floraci\u00f3n tard\u00eda.<\/p>\n","protected":false},"excerpt":{"rendered":"<p>Flores dobles, vistosa de color ila oscuro con matices p\u00farpura, perfumadas, en racimos largos 30-40 cm, irregulares. Floraci\u00f3n tard\u00eda.<\/p>\n","protected":false},"featured_media":63436,"template":"","meta":{"_acf_changed":false},"product_brand":[],"product_cat":[8838],"product_tag":[10899,13892,8454,8752,8737,8566,8402],"class_list":{"0":"post-16841","1":"product","2":"type-product","3":"status-publish","4":"has-post-thumbnail","6":"product_cat-enredaderas","7":"product_tag-natural-es","8":"product_tag-alto-tallo-sombrilla","9":"product_tag-arco-es","10":"product_tag-atras","11":"product_tag-cuarto-de-tallo","12":"product_tag-medio-tallo","13":"product_tag-tallo-alto","14":"pa_altezza-massima-800-es","15":"pa_altezza-massima-1000-es-2","16":"pa_colore-fioritura-violeta","17":"pa_condizionamento-clt-es","18":"pa_condizionamento-florero-cuadrado","19":"pa_famiglia-leguminosae-es","20":"pa_genere-wisteria-es","21":"pa_origine-japon-es","22":"pa_periodo-fioritura-abril","23":"pa_profumo-intenso-es","24":"pa_resistenza-climatica-media-elevada","25":"pa_resistenza-del-suolo-resistente-a-los-suelos-calcareos","26":"pa_utilizzo-parques","28":"first","29":"instock","30":"purchasable","31":"product-type-simple"},"acf":[],"_links":{"self":[{"href":"https:\/\/innocentiemangonipiante.it\/es\/wp-json\/wp\/v2\/product\/16841","targetHints":{"allow":["GET"]}}],"collection":[{"href":"https:\/\/innocentiemangonipiante.it\/es\/wp-json\/wp\/v2\/product"}],"about":[{"href":"https:\/\/innocentiemangonipiante.it\/es\/wp-json\/wp\/v2\/types\/product"}],"wp:featuredmedia":[{"embeddable":true,"href":"https:\/\/innocentiemangonipiante.it\/es\/wp-json\/wp\/v2\/media\/63436"}],"wp:attachment":[{"href":"https:\/\/innocentiemangonipiante.it\/es\/wp-json\/wp\/v2\/media?parent=16841"}],"wp:term":[{"taxonomy":"product_brand","embeddable":true,"href":"https:\/\/innocentiemangonipiante.it\/es\/wp-json\/wp\/v2\/product_brand?post=16841"},{"taxonomy":"product_cat","embeddable":true,"href":"https:\/\/innocentiemangonipiante.it\/es\/wp-json\/wp\/v2\/product_cat?post=16841"},{"taxonomy":"product_tag","embeddable":true,"href":"https:\/\/innocentiemangonipiante.it\/es\/wp-json\/wp\/v2\/product_tag?post=16841"}],"curies":[{"name":"wp","href":"https:\/\/api.w.org\/{rel}","templated":true}]}}