{"id":16856,"date":"2023-11-04T03:29:55","date_gmt":"2023-11-04T02:29:55","guid":{"rendered":"http:\/\/innocentiemangonipiante.it\/zelkova-serrata-green-vase\/"},"modified":"2023-11-09T10:49:24","modified_gmt":"2023-11-09T09:49:24","slug":"zelkova-serrata-green-vase","status":"publish","type":"product","link":"https:\/\/innocentiemangonipiante.it\/es\/zelkova-serrata-green-vase\/","title":{"rendered":"ZELKOVA serrata &#8216;Green Vase&#8217; \u00ae"},"content":{"rendered":"<p>De porte en forma de jarr\u00f3n, de crecimiento r\u00e1pido y agraciado. La hoja vuelve en m\u00e1rron-naranjo y rojo-bronce en oto\u00f1o. Crecimiento lento. Porte estrechamente erecto. Hojas ovoidales, puntiagudas, dentadas que se colora de rojo anaranjado en oto\u00f1o. Gracias a su porte es una variedad que se adapta bien en alineaci\u00f3n urbana.<\/p>\n","protected":false},"excerpt":{"rendered":"<p>De porte en forma de jarr\u00f3n, de crecimiento r\u00e1pido y agraciado. La hoja vuelve en m\u00e1rron-naranjo y rojo-bronce en oto\u00f1o. Crecimiento lento. Porte estrechamente erecto. Hojas ovoidales, puntiagudas, dentadas que se colora de rojo anaranjado en oto\u00f1o. Gracias a su porte es una variedad que se adapta bien en alineaci\u00f3n urbana.<\/p>\n","protected":false},"featured_media":6147,"template":"","meta":{"_acf_changed":false},"product_brand":[],"product_cat":[8814,9232],"product_tag":[10899,8598,8402],"class_list":{"0":"post-16856","1":"product","2":"type-product","3":"status-publish","4":"has-post-thumbnail","6":"product_cat-arboles-y-arbustos-de-hoja-caduca","7":"product_cat-arboles-y-plantas-del-futuro","8":"product_tag-natural-es","9":"product_tag-multitronco-es-2","10":"product_tag-tallo-alto","11":"pa_altezza-massima-15-metros","12":"pa_altezza-massima-20-metros","13":"pa_condizionamento-clt-es","14":"pa_condizionamento-placa","15":"pa_famiglia-ulmaceae-es-2","16":"pa_genere-zelkova-es","17":"pa_inquinamento-resistente-al-smog","18":"pa_origine-origine-delle-piante-u-s-a-es","19":"pa_portamento-de-columna-es","20":"pa_resistenza-climatica-muy-elevada","21":"pa_utilizzo-avenidas","22":"pa_utilizzo-parques","24":"first","25":"instock","26":"purchasable","27":"product-type-simple"},"acf":[],"_links":{"self":[{"href":"https:\/\/innocentiemangonipiante.it\/es\/wp-json\/wp\/v2\/product\/16856","targetHints":{"allow":["GET"]}}],"collection":[{"href":"https:\/\/innocentiemangonipiante.it\/es\/wp-json\/wp\/v2\/product"}],"about":[{"href":"https:\/\/innocentiemangonipiante.it\/es\/wp-json\/wp\/v2\/types\/product"}],"wp:featuredmedia":[{"embeddable":true,"href":"https:\/\/innocentiemangonipiante.it\/es\/wp-json\/wp\/v2\/media\/6147"}],"wp:attachment":[{"href":"https:\/\/innocentiemangonipiante.it\/es\/wp-json\/wp\/v2\/media?parent=16856"}],"wp:term":[{"taxonomy":"product_brand","embeddable":true,"href":"https:\/\/innocentiemangonipiante.it\/es\/wp-json\/wp\/v2\/product_brand?post=16856"},{"taxonomy":"product_cat","embeddable":true,"href":"https:\/\/innocentiemangonipiante.it\/es\/wp-json\/wp\/v2\/product_cat?post=16856"},{"taxonomy":"product_tag","embeddable":true,"href":"https:\/\/innocentiemangonipiante.it\/es\/wp-json\/wp\/v2\/product_tag?post=16856"}],"curies":[{"name":"wp","href":"https:\/\/api.w.org\/{rel}","templated":true}]}}