{"id":16857,"date":"2023-11-04T03:29:40","date_gmt":"2023-11-04T02:29:40","guid":{"rendered":"http:\/\/innocentiemangonipiante.it\/zelkova-serrata\/"},"modified":"2023-11-09T10:49:15","modified_gmt":"2023-11-09T09:49:15","slug":"zelkova-serrata","status":"publish","type":"product","link":"https:\/\/innocentiemangonipiante.it\/es\/zelkova-serrata\/","title":{"rendered":"ZELKOVA serrata"},"content":{"rendered":"<p>Arbusto caduco de porte expandido con corteza lisa de color gris, que se descorteza en placas a maduridad. Las hojas fines, ovaladas, delgadas, de 12 cm de longitudo, dentadas, son de color verde oscuro vuelven a l\u2019amarillo, naranja o rojo en oto\u00f1o. Bonita resistencia a la contaminaci\u00f3n. Se adapta bien a los sitios urbanos. Si utilizada en alineaciones prever la extenci\u00f3n de la cabeza. Muy bonito \u00e1rbol de ornamento.<\/p>\n","protected":false},"excerpt":{"rendered":"<p>Arbusto caduco de porte expandido con corteza lisa de color gris, que se descorteza en placas a maduridad. Las hojas fines, ovaladas, delgadas, de 12 cm de longitudo, dentadas, son de color verde oscuro vuelven a l\u2019amarillo, naranja o rojo en oto\u00f1o. Bonita resistencia a la contaminaci\u00f3n. Se adapta bien a los sitios urbanos. Si [&hellip;]<\/p>\n","protected":false},"featured_media":6141,"template":"","meta":{"_acf_changed":false},"product_brand":[],"product_cat":[8814],"product_tag":[10899,8598,8402],"class_list":{"0":"post-16857","1":"product","2":"type-product","3":"status-publish","4":"has-post-thumbnail","6":"product_cat-arboles-y-arbustos-de-hoja-caduca","7":"product_tag-natural-es","8":"product_tag-multitronco-es-2","9":"product_tag-tallo-alto","10":"pa_altezza-massima-20-metros","11":"pa_altezza-massima-30-metros","12":"pa_condizionamento-clt-es","13":"pa_condizionamento-placa","14":"pa_famiglia-ulmaceae-es-2","15":"pa_genere-zelkova-es","16":"pa_inquinamento-resistente-al-smog","17":"pa_origine-asia-oriental","18":"pa_portamento-eretto-es","19":"pa_resistenza-climatica-muy-elevada","20":"pa_utilizzo-parques","22":"first","23":"instock","24":"purchasable","25":"product-type-simple"},"acf":[],"_links":{"self":[{"href":"https:\/\/innocentiemangonipiante.it\/es\/wp-json\/wp\/v2\/product\/16857","targetHints":{"allow":["GET"]}}],"collection":[{"href":"https:\/\/innocentiemangonipiante.it\/es\/wp-json\/wp\/v2\/product"}],"about":[{"href":"https:\/\/innocentiemangonipiante.it\/es\/wp-json\/wp\/v2\/types\/product"}],"wp:featuredmedia":[{"embeddable":true,"href":"https:\/\/innocentiemangonipiante.it\/es\/wp-json\/wp\/v2\/media\/6141"}],"wp:attachment":[{"href":"https:\/\/innocentiemangonipiante.it\/es\/wp-json\/wp\/v2\/media?parent=16857"}],"wp:term":[{"taxonomy":"product_brand","embeddable":true,"href":"https:\/\/innocentiemangonipiante.it\/es\/wp-json\/wp\/v2\/product_brand?post=16857"},{"taxonomy":"product_cat","embeddable":true,"href":"https:\/\/innocentiemangonipiante.it\/es\/wp-json\/wp\/v2\/product_cat?post=16857"},{"taxonomy":"product_tag","embeddable":true,"href":"https:\/\/innocentiemangonipiante.it\/es\/wp-json\/wp\/v2\/product_tag?post=16857"}],"curies":[{"name":"wp","href":"https:\/\/api.w.org\/{rel}","templated":true}]}}