{"id":27810,"date":"2023-11-03T23:02:26","date_gmt":"2023-11-03T22:02:26","guid":{"rendered":"http:\/\/innocentiemangonipiante.it\/abies-alba\/"},"modified":"2023-11-08T15:27:09","modified_gmt":"2023-11-08T14:27:09","slug":"abies-alba","status":"publish","type":"product","link":"https:\/\/innocentiemangonipiante.it\/es\/abies-alba\/","title":{"rendered":"ABIES alba"},"content":{"rendered":"<p>El porte es columnar con follaje de color verde oscuro, con el env\u00e9s plateado. Muy adapto para utilizaci\u00f3n en parques y repoblaci\u00f3n forestal.<\/p>\n","protected":false},"excerpt":{"rendered":"<p>El porte es columnar con follaje de color verde oscuro, con el env\u00e9s plateado. Muy adapto para utilizaci\u00f3n en parques y repoblaci\u00f3n forestal.<\/p>\n","protected":false},"featured_media":19949,"template":"","meta":{"_acf_changed":false},"product_brand":[],"product_cat":[8826],"product_tag":[10899],"class_list":{"0":"post-27810","1":"product","2":"type-product","3":"status-publish","4":"has-post-thumbnail","6":"product_cat-coniferas","7":"product_tag-natural-es","8":"pa_altezza-massima-30-metros","9":"pa_altezza-massima-40-metros","10":"pa_famiglia-pinaceae-es","11":"pa_genere-abies-es","12":"pa_origine-europa-central","13":"pa_portamento-conico-es","14":"pa_resistenza-climatica-muy-elevada","15":"pa_resistenza-del-suolo-resistente-a-la-humedad","16":"pa_utilizzo-parques","18":"first","19":"instock","20":"purchasable","21":"product-type-simple"},"acf":[],"_links":{"self":[{"href":"https:\/\/innocentiemangonipiante.it\/es\/wp-json\/wp\/v2\/product\/27810","targetHints":{"allow":["GET"]}}],"collection":[{"href":"https:\/\/innocentiemangonipiante.it\/es\/wp-json\/wp\/v2\/product"}],"about":[{"href":"https:\/\/innocentiemangonipiante.it\/es\/wp-json\/wp\/v2\/types\/product"}],"wp:featuredmedia":[{"embeddable":true,"href":"https:\/\/innocentiemangonipiante.it\/es\/wp-json\/wp\/v2\/media\/19949"}],"wp:attachment":[{"href":"https:\/\/innocentiemangonipiante.it\/es\/wp-json\/wp\/v2\/media?parent=27810"}],"wp:term":[{"taxonomy":"product_brand","embeddable":true,"href":"https:\/\/innocentiemangonipiante.it\/es\/wp-json\/wp\/v2\/product_brand?post=27810"},{"taxonomy":"product_cat","embeddable":true,"href":"https:\/\/innocentiemangonipiante.it\/es\/wp-json\/wp\/v2\/product_cat?post=27810"},{"taxonomy":"product_tag","embeddable":true,"href":"https:\/\/innocentiemangonipiante.it\/es\/wp-json\/wp\/v2\/product_tag?post=27810"}],"curies":[{"name":"wp","href":"https:\/\/api.w.org\/{rel}","templated":true}]}}