{"id":27831,"date":"2023-11-03T23:07:34","date_gmt":"2023-11-03T22:07:34","guid":{"rendered":"http:\/\/innocentiemangonipiante.it\/acer-campestre-elsrijk\/"},"modified":"2023-11-08T15:29:35","modified_gmt":"2023-11-08T14:29:35","slug":"acer-campestre-elsrijk","status":"publish","type":"product","link":"https:\/\/innocentiemangonipiante.it\/es\/acer-campestre-elsrijk\/","title":{"rendered":"ACER campestre &#8216;Elsrijk&#8217;"},"content":{"rendered":"<p>\u00c1rbol caduco de porte verde en verano, amarillo en oto\u00f1o. Art\u00edculo muy bueno para avenidas y calles.<\/p>\n","protected":false},"excerpt":{"rendered":"<p>\u00c1rbol caduco de porte verde en verano, amarillo en oto\u00f1o. Art\u00edculo muy bueno para avenidas y calles.<\/p>\n","protected":false},"featured_media":19996,"template":"","meta":{"_acf_changed":false},"product_brand":[],"product_cat":[8814,9232],"product_tag":[10899],"class_list":{"0":"post-27831","1":"product","2":"type-product","3":"status-publish","4":"has-post-thumbnail","6":"product_cat-arboles-y-arbustos-de-hoja-caduca","7":"product_cat-arboles-y-plantas-del-futuro","8":"product_tag-natural-es","9":"pa_altezza-massima-600-es","10":"pa_altezza-massima-12-metros","11":"pa_famiglia-aceraceae-es","12":"pa_genere-acer-es","13":"pa_inquinamento-resistente-al-smog","14":"pa_origine-holanda","15":"pa_portamento-piramidale-es","16":"pa_resistenza-climatica-muy-elevada","17":"pa_resistenza-del-suolo-resistente-a-los-suelos-calcareos","18":"pa_resistenza-del-suolo-resistente-a-los-suelos-pobres","19":"pa_resistenza-del-suolo-resistente-a-los-suelos-secos","20":"pa_salinita-resistente-alla-salsedine-es","21":"pa_utilizzo-avenidas","22":"pa_utilizzo-parques","24":"first","25":"instock","26":"purchasable","27":"product-type-simple"},"acf":[],"_links":{"self":[{"href":"https:\/\/innocentiemangonipiante.it\/es\/wp-json\/wp\/v2\/product\/27831","targetHints":{"allow":["GET"]}}],"collection":[{"href":"https:\/\/innocentiemangonipiante.it\/es\/wp-json\/wp\/v2\/product"}],"about":[{"href":"https:\/\/innocentiemangonipiante.it\/es\/wp-json\/wp\/v2\/types\/product"}],"wp:featuredmedia":[{"embeddable":true,"href":"https:\/\/innocentiemangonipiante.it\/es\/wp-json\/wp\/v2\/media\/19996"}],"wp:attachment":[{"href":"https:\/\/innocentiemangonipiante.it\/es\/wp-json\/wp\/v2\/media?parent=27831"}],"wp:term":[{"taxonomy":"product_brand","embeddable":true,"href":"https:\/\/innocentiemangonipiante.it\/es\/wp-json\/wp\/v2\/product_brand?post=27831"},{"taxonomy":"product_cat","embeddable":true,"href":"https:\/\/innocentiemangonipiante.it\/es\/wp-json\/wp\/v2\/product_cat?post=27831"},{"taxonomy":"product_tag","embeddable":true,"href":"https:\/\/innocentiemangonipiante.it\/es\/wp-json\/wp\/v2\/product_tag?post=27831"}],"curies":[{"name":"wp","href":"https:\/\/api.w.org\/{rel}","templated":true}]}}