{"id":27850,"date":"2023-11-03T23:08:29","date_gmt":"2023-11-03T22:08:29","guid":{"rendered":"http:\/\/innocentiemangonipiante.it\/acer-cappadocium-rubrum\/"},"modified":"2023-11-08T15:30:25","modified_gmt":"2023-11-08T14:30:25","slug":"acer-cappadocium-rubrum","status":"publish","type":"product","link":"https:\/\/innocentiemangonipiante.it\/es\/acer-cappadocium-rubrum\/","title":{"rendered":"ACER cappadocium &#8216;Rubrum&#8217;"},"content":{"rendered":"<p>\u00c1rbol caduco, ensanchado, hojas ligeramente ovaladas con 5-7 l\u00f3bulos de color rojo en primera, verde en verano y amarillo oro en ot\u00f5no. La corteza es roja en las nuevas vegetaciones y estriada en el tronco. Suporta bien suelos calc\u00e1reos y secos.<\/p>\n","protected":false},"excerpt":{"rendered":"<p>\u00c1rbol caduco, ensanchado, hojas ligeramente ovaladas con 5-7 l\u00f3bulos de color rojo en primera, verde en verano y amarillo oro en ot\u00f5no. La corteza es roja en las nuevas vegetaciones y estriada en el tronco. Suporta bien suelos calc\u00e1reos y secos.<\/p>\n","protected":false},"featured_media":20018,"template":"","meta":{"_acf_changed":false},"product_brand":[],"product_cat":[8814],"product_tag":[10899],"class_list":{"0":"post-27850","1":"product","2":"type-product","3":"status-publish","4":"has-post-thumbnail","6":"product_cat-arboles-y-arbustos-de-hoja-caduca","7":"product_tag-natural-es","8":"pa_altezza-massima-1000-es-2","9":"pa_altezza-massima-15-metros","10":"pa_colore-delle-foglie-rojas","11":"pa_famiglia-aceraceae-es","12":"pa_genere-acer-es","13":"pa_inquinamento-resistente-al-smog","14":"pa_origine-asia-oriental","15":"pa_origine-europa-central","16":"pa_portamento-arrotondato-es","17":"pa_resistenza-climatica-muy-elevada","18":"pa_resistenza-del-suolo-resistente-a-los-suelos-calcareos","19":"pa_resistenza-del-suolo-resistente-a-los-suelos-pobres","20":"pa_salinita-resistente-alla-salsedine-es","21":"pa_utilizzo-parques","23":"first","24":"instock","25":"purchasable","26":"product-type-simple"},"acf":[],"_links":{"self":[{"href":"https:\/\/innocentiemangonipiante.it\/es\/wp-json\/wp\/v2\/product\/27850","targetHints":{"allow":["GET"]}}],"collection":[{"href":"https:\/\/innocentiemangonipiante.it\/es\/wp-json\/wp\/v2\/product"}],"about":[{"href":"https:\/\/innocentiemangonipiante.it\/es\/wp-json\/wp\/v2\/types\/product"}],"wp:featuredmedia":[{"embeddable":true,"href":"https:\/\/innocentiemangonipiante.it\/es\/wp-json\/wp\/v2\/media\/20018"}],"wp:attachment":[{"href":"https:\/\/innocentiemangonipiante.it\/es\/wp-json\/wp\/v2\/media?parent=27850"}],"wp:term":[{"taxonomy":"product_brand","embeddable":true,"href":"https:\/\/innocentiemangonipiante.it\/es\/wp-json\/wp\/v2\/product_brand?post=27850"},{"taxonomy":"product_cat","embeddable":true,"href":"https:\/\/innocentiemangonipiante.it\/es\/wp-json\/wp\/v2\/product_cat?post=27850"},{"taxonomy":"product_tag","embeddable":true,"href":"https:\/\/innocentiemangonipiante.it\/es\/wp-json\/wp\/v2\/product_tag?post=27850"}],"curies":[{"name":"wp","href":"https:\/\/api.w.org\/{rel}","templated":true}]}}