{"id":27857,"date":"2023-11-03T23:09:12","date_gmt":"2023-11-03T22:09:12","guid":{"rendered":"http:\/\/innocentiemangonipiante.it\/acer-japonicum-vitifolium\/"},"modified":"2023-11-08T15:33:28","modified_gmt":"2023-11-08T14:33:28","slug":"acer-japonicum-vitifolium","status":"publish","type":"product","link":"https:\/\/innocentiemangonipiante.it\/es\/acer-japonicum-vitifolium\/","title":{"rendered":"ACER japonicum &#8216;Vitifolium&#8217;"},"content":{"rendered":"<p>Arbusto caduco con grandes hojas redondas, palmeadas. 7-11 l\u00f3bulos verdes , tornando amarillo, naranja y p\u00farpura en oto\u00f1o.. En primavera, produce corimbos rojo-p\u00farpura muy decorativos.<\/p>\n","protected":false},"excerpt":{"rendered":"<p>Arbusto caduco con grandes hojas redondas, palmeadas. 7-11 l\u00f3bulos verdes , tornando amarillo, naranja y p\u00farpura en oto\u00f1o.. En primavera, produce corimbos rojo-p\u00farpura muy decorativos.<\/p>\n","protected":false},"featured_media":20048,"template":"","meta":{"_acf_changed":false},"product_brand":[],"product_cat":[8814],"product_tag":[10899],"class_list":{"0":"post-27857","1":"product","2":"type-product","3":"status-publish","4":"has-post-thumbnail","6":"product_cat-arboles-y-arbustos-de-hoja-caduca","7":"product_tag-natural-es","8":"pa_altezza-massima-300-es","9":"pa_altezza-massima-500-es","10":"pa_famiglia-aceraceae-es","11":"pa_genere-acer-es","12":"pa_origine-asia-oriental","13":"pa_portamento-arrotondato-es","14":"pa_resistenza-climatica-muy-elevada","15":"pa_utilizzo-pequenos-jardines","17":"first","18":"instock","19":"purchasable","20":"product-type-simple"},"acf":[],"_links":{"self":[{"href":"https:\/\/innocentiemangonipiante.it\/es\/wp-json\/wp\/v2\/product\/27857","targetHints":{"allow":["GET"]}}],"collection":[{"href":"https:\/\/innocentiemangonipiante.it\/es\/wp-json\/wp\/v2\/product"}],"about":[{"href":"https:\/\/innocentiemangonipiante.it\/es\/wp-json\/wp\/v2\/types\/product"}],"wp:featuredmedia":[{"embeddable":true,"href":"https:\/\/innocentiemangonipiante.it\/es\/wp-json\/wp\/v2\/media\/20048"}],"wp:attachment":[{"href":"https:\/\/innocentiemangonipiante.it\/es\/wp-json\/wp\/v2\/media?parent=27857"}],"wp:term":[{"taxonomy":"product_brand","embeddable":true,"href":"https:\/\/innocentiemangonipiante.it\/es\/wp-json\/wp\/v2\/product_brand?post=27857"},{"taxonomy":"product_cat","embeddable":true,"href":"https:\/\/innocentiemangonipiante.it\/es\/wp-json\/wp\/v2\/product_cat?post=27857"},{"taxonomy":"product_tag","embeddable":true,"href":"https:\/\/innocentiemangonipiante.it\/es\/wp-json\/wp\/v2\/product_tag?post=27857"}],"curies":[{"name":"wp","href":"https:\/\/api.w.org\/{rel}","templated":true}]}}