{"id":27862,"date":"2023-11-03T23:09:59","date_gmt":"2023-11-03T22:09:59","guid":{"rendered":"http:\/\/innocentiemangonipiante.it\/acer-palmatum\/"},"modified":"2023-11-08T15:34:08","modified_gmt":"2023-11-08T14:34:08","slug":"acer-palmatum","status":"publish","type":"product","link":"https:\/\/innocentiemangonipiante.it\/es\/acer-palmatum\/","title":{"rendered":"ACER palmatum"},"content":{"rendered":"<p>\u00c1rbol caduco con hojas de 5-9 l\u00f3bulos, verdes, de 5 a 12 cm de largo, de color amarillo naranja a rojo en oto\u00f1o. Exposici\u00f3n: semi-sombra.<\/p>\n","protected":false},"excerpt":{"rendered":"<p>\u00c1rbol caduco con hojas de 5-9 l\u00f3bulos, verdes, de 5 a 12 cm de largo, de color amarillo naranja a rojo en oto\u00f1o. Exposici\u00f3n: semi-sombra.<\/p>\n","protected":false},"featured_media":20055,"template":"","meta":{"_acf_changed":false},"product_brand":[],"product_cat":[8814],"product_tag":[10899,8566,8402],"class_list":{"0":"post-27862","1":"product","2":"type-product","3":"status-publish","4":"has-post-thumbnail","6":"product_cat-arboles-y-arbustos-de-hoja-caduca","7":"product_tag-natural-es","8":"product_tag-medio-tallo","9":"product_tag-tallo-alto","10":"pa_altezza-massima-500-es","11":"pa_altezza-massima-800-es","12":"pa_condizionamento-clt-es","13":"pa_condizionamento-placa","14":"pa_condizionamento-vs-es","15":"pa_famiglia-aceraceae-es","16":"pa_genere-acer-es","17":"pa_origine-asia-oriental","18":"pa_portamento-eretto-es","19":"pa_resistenza-climatica-muy-elevada","20":"pa_utilizzo-parques","21":"pa_utilizzo-pequenos-jardines","23":"first","24":"instock","25":"purchasable","26":"product-type-simple"},"acf":[],"_links":{"self":[{"href":"https:\/\/innocentiemangonipiante.it\/es\/wp-json\/wp\/v2\/product\/27862","targetHints":{"allow":["GET"]}}],"collection":[{"href":"https:\/\/innocentiemangonipiante.it\/es\/wp-json\/wp\/v2\/product"}],"about":[{"href":"https:\/\/innocentiemangonipiante.it\/es\/wp-json\/wp\/v2\/types\/product"}],"wp:featuredmedia":[{"embeddable":true,"href":"https:\/\/innocentiemangonipiante.it\/es\/wp-json\/wp\/v2\/media\/20055"}],"wp:attachment":[{"href":"https:\/\/innocentiemangonipiante.it\/es\/wp-json\/wp\/v2\/media?parent=27862"}],"wp:term":[{"taxonomy":"product_brand","embeddable":true,"href":"https:\/\/innocentiemangonipiante.it\/es\/wp-json\/wp\/v2\/product_brand?post=27862"},{"taxonomy":"product_cat","embeddable":true,"href":"https:\/\/innocentiemangonipiante.it\/es\/wp-json\/wp\/v2\/product_cat?post=27862"},{"taxonomy":"product_tag","embeddable":true,"href":"https:\/\/innocentiemangonipiante.it\/es\/wp-json\/wp\/v2\/product_tag?post=27862"}],"curies":[{"name":"wp","href":"https:\/\/api.w.org\/{rel}","templated":true}]}}