{"id":27935,"date":"2023-11-03T23:15:47","date_gmt":"2023-11-03T22:15:47","guid":{"rendered":"http:\/\/innocentiemangonipiante.it\/acer-platanoides-crimson-sentry\/"},"modified":"2023-11-08T18:20:40","modified_gmt":"2023-11-08T17:20:40","slug":"acer-platanoides-crimson-sentry","status":"publish","type":"product","link":"https:\/\/innocentiemangonipiante.it\/es\/acer-platanoides-crimson-sentry\/","title":{"rendered":"ACER platanoides &#8216;Crimson Sentry&#8217;"},"content":{"rendered":"<p>Selecci\u00f3n de Acer platanoides \u2018Crimson King\u2019 de porte piramidal. Las hojas de color rojo p\u00farpura son ligeramente m\u00e1s peque\u00f1as.<\/p>\n","protected":false},"excerpt":{"rendered":"<p>Selecci\u00f3n de Acer platanoides \u2018Crimson King\u2019 de porte piramidal. Las hojas de color rojo p\u00farpura son ligeramente m\u00e1s peque\u00f1as.<\/p>\n","protected":false},"featured_media":20181,"template":"","meta":{"_acf_changed":false},"product_brand":[],"product_cat":[8814,9232],"product_tag":[10899],"class_list":{"0":"post-27935","1":"product","2":"type-product","3":"status-publish","4":"has-post-thumbnail","6":"product_cat-arboles-y-arbustos-de-hoja-caduca","7":"product_cat-arboles-y-plantas-del-futuro","8":"product_tag-natural-es","9":"pa_altezza-massima-800-es","10":"pa_altezza-massima-1000-es-2","11":"pa_colore-delle-foglie-rojas","12":"pa_famiglia-aceraceae-es","13":"pa_genere-acer-es","14":"pa_inquinamento-resistente-al-smog","15":"pa_origine-origine-delle-piante-u-s-a-es","16":"pa_portamento-de-columna-es","17":"pa_resistenza-climatica-muy-elevada","18":"pa_resistenza-del-suolo-resistente-a-la-humedad","19":"pa_resistenza-del-suolo-resistente-a-los-suelos-calcareos","20":"pa_salinita-resistente-alla-salsedine-es","21":"pa_utilizzo-parques","22":"pa_utilizzo-pequenos-jardines","24":"first","25":"instock","26":"purchasable","27":"product-type-simple"},"acf":[],"_links":{"self":[{"href":"https:\/\/innocentiemangonipiante.it\/es\/wp-json\/wp\/v2\/product\/27935","targetHints":{"allow":["GET"]}}],"collection":[{"href":"https:\/\/innocentiemangonipiante.it\/es\/wp-json\/wp\/v2\/product"}],"about":[{"href":"https:\/\/innocentiemangonipiante.it\/es\/wp-json\/wp\/v2\/types\/product"}],"wp:featuredmedia":[{"embeddable":true,"href":"https:\/\/innocentiemangonipiante.it\/es\/wp-json\/wp\/v2\/media\/20181"}],"wp:attachment":[{"href":"https:\/\/innocentiemangonipiante.it\/es\/wp-json\/wp\/v2\/media?parent=27935"}],"wp:term":[{"taxonomy":"product_brand","embeddable":true,"href":"https:\/\/innocentiemangonipiante.it\/es\/wp-json\/wp\/v2\/product_brand?post=27935"},{"taxonomy":"product_cat","embeddable":true,"href":"https:\/\/innocentiemangonipiante.it\/es\/wp-json\/wp\/v2\/product_cat?post=27935"},{"taxonomy":"product_tag","embeddable":true,"href":"https:\/\/innocentiemangonipiante.it\/es\/wp-json\/wp\/v2\/product_tag?post=27935"}],"curies":[{"name":"wp","href":"https:\/\/api.w.org\/{rel}","templated":true}]}}