{"id":27938,"date":"2023-11-03T23:16:43","date_gmt":"2023-11-03T22:16:43","guid":{"rendered":"http:\/\/innocentiemangonipiante.it\/acer-platanoides-royal-red\/"},"modified":"2023-11-08T18:21:59","modified_gmt":"2023-11-08T17:21:59","slug":"acer-platanoides-royal-red","status":"publish","type":"product","link":"https:\/\/innocentiemangonipiante.it\/es\/acer-platanoides-royal-red\/","title":{"rendered":"ACER platanoides &#8216;Royal Red&#8217;"},"content":{"rendered":"<p>\u00c1rbol caduco con porte anchamente c\u00f3nico o redondeado. Hoja rojo p\u00farpura brillante. Planta muy vigorosa.<\/p>\n","protected":false},"excerpt":{"rendered":"<p>\u00c1rbol caduco con porte anchamente c\u00f3nico o redondeado. Hoja rojo p\u00farpura brillante. Planta muy vigorosa.<\/p>\n","protected":false},"featured_media":20194,"template":"","meta":{"_acf_changed":false},"product_brand":[],"product_cat":[8814,9232],"product_tag":[10899],"class_list":{"0":"post-27938","1":"product","2":"type-product","3":"status-publish","4":"has-post-thumbnail","6":"product_cat-arboles-y-arbustos-de-hoja-caduca","7":"product_cat-arboles-y-plantas-del-futuro","8":"product_tag-natural-es","9":"pa_altezza-massima-15-metros","10":"pa_altezza-massima-20-metros","11":"pa_colore-delle-foglie-rojas","12":"pa_famiglia-aceraceae-es","13":"pa_genere-acer-es","14":"pa_inquinamento-resistente-al-smog","15":"pa_origine-origine-delle-piante-u-s-a-es","16":"pa_portamento-piramidale-es","17":"pa_resistenza-climatica-muy-elevada","18":"pa_resistenza-del-suolo-resistente-a-la-humedad","19":"pa_resistenza-del-suolo-resistente-a-los-suelos-calcareos","20":"pa_salinita-resistente-alla-salsedine-es","21":"pa_utilizzo-avenidas","22":"pa_utilizzo-parques","24":"first","25":"instock","26":"purchasable","27":"product-type-simple"},"acf":[],"_links":{"self":[{"href":"https:\/\/innocentiemangonipiante.it\/es\/wp-json\/wp\/v2\/product\/27938","targetHints":{"allow":["GET"]}}],"collection":[{"href":"https:\/\/innocentiemangonipiante.it\/es\/wp-json\/wp\/v2\/product"}],"about":[{"href":"https:\/\/innocentiemangonipiante.it\/es\/wp-json\/wp\/v2\/types\/product"}],"wp:featuredmedia":[{"embeddable":true,"href":"https:\/\/innocentiemangonipiante.it\/es\/wp-json\/wp\/v2\/media\/20194"}],"wp:attachment":[{"href":"https:\/\/innocentiemangonipiante.it\/es\/wp-json\/wp\/v2\/media?parent=27938"}],"wp:term":[{"taxonomy":"product_brand","embeddable":true,"href":"https:\/\/innocentiemangonipiante.it\/es\/wp-json\/wp\/v2\/product_brand?post=27938"},{"taxonomy":"product_cat","embeddable":true,"href":"https:\/\/innocentiemangonipiante.it\/es\/wp-json\/wp\/v2\/product_cat?post=27938"},{"taxonomy":"product_tag","embeddable":true,"href":"https:\/\/innocentiemangonipiante.it\/es\/wp-json\/wp\/v2\/product_tag?post=27938"}],"curies":[{"name":"wp","href":"https:\/\/api.w.org\/{rel}","templated":true}]}}