{"id":27942,"date":"2023-11-03T23:17:29","date_gmt":"2023-11-03T22:17:29","guid":{"rendered":"http:\/\/innocentiemangonipiante.it\/acer-rubrum-joseph\/"},"modified":"2023-11-08T18:22:40","modified_gmt":"2023-11-08T17:22:40","slug":"acer-rubrum-joseph","status":"publish","type":"product","link":"https:\/\/innocentiemangonipiante.it\/es\/acer-rubrum-joseph\/","title":{"rendered":"ACER rubrum &#8216;Joseph&#8217;"},"content":{"rendered":"<p>Selecci\u00f3n fastigiata de Acer rubrum, con actractiva coloraci\u00f3n de oto\u00f1o amarillo-oro, rojo rub\u00ed si se cultiva en suelos \u00e1cidos.<\/p>\n","protected":false},"excerpt":{"rendered":"<p>Selecci\u00f3n fastigiata de Acer rubrum, con actractiva coloraci\u00f3n de oto\u00f1o amarillo-oro, rojo rub\u00ed si se cultiva en suelos \u00e1cidos.<\/p>\n","protected":false},"featured_media":20200,"template":"","meta":{"_acf_changed":false},"product_brand":[],"product_cat":[8814],"product_tag":[10899],"class_list":{"0":"post-27942","1":"product","2":"type-product","3":"status-publish","4":"has-post-thumbnail","6":"product_cat-arboles-y-arbustos-de-hoja-caduca","7":"product_tag-natural-es","8":"pa_altezza-massima-1000-es-2","9":"pa_altezza-massima-15-metros","10":"pa_famiglia-aceraceae-es","11":"pa_genere-acer-es","12":"pa_inquinamento-resistente-al-smog","13":"pa_origine-italia-es","14":"pa_portamento-arrotondato-es","15":"pa_resistenza-climatica-muy-elevada","16":"pa_resistenza-del-suolo-resistente-a-la-humedad","17":"pa_resistenza-del-suolo-resistente-a-los-suelos-calcareos","18":"pa_utilizzo-avenidas","19":"pa_utilizzo-parques","21":"first","22":"instock","23":"purchasable","24":"product-type-simple"},"acf":[],"_links":{"self":[{"href":"https:\/\/innocentiemangonipiante.it\/es\/wp-json\/wp\/v2\/product\/27942","targetHints":{"allow":["GET"]}}],"collection":[{"href":"https:\/\/innocentiemangonipiante.it\/es\/wp-json\/wp\/v2\/product"}],"about":[{"href":"https:\/\/innocentiemangonipiante.it\/es\/wp-json\/wp\/v2\/types\/product"}],"wp:featuredmedia":[{"embeddable":true,"href":"https:\/\/innocentiemangonipiante.it\/es\/wp-json\/wp\/v2\/media\/20200"}],"wp:attachment":[{"href":"https:\/\/innocentiemangonipiante.it\/es\/wp-json\/wp\/v2\/media?parent=27942"}],"wp:term":[{"taxonomy":"product_brand","embeddable":true,"href":"https:\/\/innocentiemangonipiante.it\/es\/wp-json\/wp\/v2\/product_brand?post=27942"},{"taxonomy":"product_cat","embeddable":true,"href":"https:\/\/innocentiemangonipiante.it\/es\/wp-json\/wp\/v2\/product_cat?post=27942"},{"taxonomy":"product_tag","embeddable":true,"href":"https:\/\/innocentiemangonipiante.it\/es\/wp-json\/wp\/v2\/product_tag?post=27942"}],"curies":[{"name":"wp","href":"https:\/\/api.w.org\/{rel}","templated":true}]}}