{"id":27953,"date":"2023-11-03T23:18:26","date_gmt":"2023-11-03T22:18:26","guid":{"rendered":"http:\/\/innocentiemangonipiante.it\/acer-saccharinum-lancinatum-wieri-2\/"},"modified":"2023-11-08T18:23:29","modified_gmt":"2023-11-08T17:23:29","slug":"acer-saccharinum-lancinatum-wieri","status":"publish","type":"product","link":"https:\/\/innocentiemangonipiante.it\/es\/acer-saccharinum-lancinatum-wieri\/","title":{"rendered":"ACER saccharinum &#8216;Lancinatum Wieri&#8217;"},"content":{"rendered":"<p>Caracter\u00edsticas principales como la A. saccharinum. Las hojas est\u00e1n finamente grabadas, de 5 l\u00f3bulos, casi filiformes, de color verde claro y blanco plateado en el env\u00e9s que se vuelven de color amarillo en oto\u00f1o. Grande rusticidad en ambiente dif\u00edciles y suelos pobres a conditi\u00f3n que haya bastante espacio.<\/p>\n","protected":false},"excerpt":{"rendered":"<p>Caracter\u00edsticas principales como la A. saccharinum. Las hojas est\u00e1n finamente grabadas, de 5 l\u00f3bulos, casi filiformes, de color verde claro y blanco plateado en el env\u00e9s que se vuelven de color amarillo en oto\u00f1o. Grande rusticidad en ambiente dif\u00edciles y suelos pobres a conditi\u00f3n que haya bastante espacio.<\/p>\n","protected":false},"featured_media":20210,"template":"","meta":{"_acf_changed":false},"product_brand":[],"product_cat":[8814],"product_tag":[10899],"class_list":{"0":"post-27953","1":"product","2":"type-product","3":"status-publish","4":"has-post-thumbnail","6":"product_cat-arboles-y-arbustos-de-hoja-caduca","7":"product_tag-natural-es","8":"pa_altezza-massima-15-metros","9":"pa_altezza-massima-25-metros","10":"pa_famiglia-aceraceae-es","11":"pa_genere-acer-es","12":"pa_inquinamento-resistente-al-smog","13":"pa_origine-origine-delle-piante-u-s-a-es","14":"pa_portamento-arrotondato-es","15":"pa_resistenza-climatica-muy-elevada","16":"pa_resistenza-del-suolo-resistente-a-la-humedad","17":"pa_resistenza-del-suolo-resistente-a-los-suelos-pobres","18":"pa_resistenza-del-suolo-resistente-a-los-suelos-secos","19":"pa_utilizzo-parques","21":"first","22":"instock","23":"purchasable","24":"product-type-simple"},"acf":[],"_links":{"self":[{"href":"https:\/\/innocentiemangonipiante.it\/es\/wp-json\/wp\/v2\/product\/27953","targetHints":{"allow":["GET"]}}],"collection":[{"href":"https:\/\/innocentiemangonipiante.it\/es\/wp-json\/wp\/v2\/product"}],"about":[{"href":"https:\/\/innocentiemangonipiante.it\/es\/wp-json\/wp\/v2\/types\/product"}],"wp:featuredmedia":[{"embeddable":true,"href":"https:\/\/innocentiemangonipiante.it\/es\/wp-json\/wp\/v2\/media\/20210"}],"wp:attachment":[{"href":"https:\/\/innocentiemangonipiante.it\/es\/wp-json\/wp\/v2\/media?parent=27953"}],"wp:term":[{"taxonomy":"product_brand","embeddable":true,"href":"https:\/\/innocentiemangonipiante.it\/es\/wp-json\/wp\/v2\/product_brand?post=27953"},{"taxonomy":"product_cat","embeddable":true,"href":"https:\/\/innocentiemangonipiante.it\/es\/wp-json\/wp\/v2\/product_cat?post=27953"},{"taxonomy":"product_tag","embeddable":true,"href":"https:\/\/innocentiemangonipiante.it\/es\/wp-json\/wp\/v2\/product_tag?post=27953"}],"curies":[{"name":"wp","href":"https:\/\/api.w.org\/{rel}","templated":true}]}}