{"id":27965,"date":"2023-11-03T23:18:44","date_gmt":"2023-11-03T22:18:44","guid":{"rendered":"http:\/\/innocentiemangonipiante.it\/acer-triflorum\/"},"modified":"2023-11-08T18:23:45","modified_gmt":"2023-11-08T17:23:45","slug":"acer-triflorum","status":"publish","type":"product","link":"https:\/\/innocentiemangonipiante.it\/es\/acer-triflorum\/","title":{"rendered":"ACER triflorum"},"content":{"rendered":"<p>Planta de hoja caduca, de crecimiento lento y corteza descascarada de color marr\u00f3n gris\u00e1ceo. Hojas compuestas por 3 gajos de color verde oscuro, rojo anaranjado intenso en oto\u00f1o. Racimos de peque\u00f1as flores de color amarillo verdoso a finales de primavera.<\/p>\n","protected":false},"excerpt":{"rendered":"<p>Planta de hoja caduca, de crecimiento lento y corteza descascarada de color marr\u00f3n gris\u00e1ceo. Hojas compuestas por 3 gajos de color verde oscuro, rojo anaranjado intenso en oto\u00f1o. Racimos de peque\u00f1as flores de color amarillo verdoso a finales de primavera.<\/p>\n","protected":false},"featured_media":20216,"template":"","meta":{"_acf_changed":false},"product_brand":[],"product_cat":[8814],"product_tag":[10899],"class_list":{"0":"post-27965","1":"product","2":"type-product","3":"status-publish","4":"has-post-thumbnail","6":"product_cat-arboles-y-arbustos-de-hoja-caduca","7":"product_tag-natural-es","8":"pa_altezza-massima-900-es","9":"pa_altezza-massima-1000-es-2","10":"pa_colore-fioritura-amarillo","11":"pa_famiglia-aceraceae-es","12":"pa_genere-acer-es","13":"pa_origine-cina","14":"pa_periodo-fioritura-abril","15":"pa_periodo-fioritura-mayo","16":"pa_portamento-arrotondato-es","17":"pa_resistenza-climatica-muy-elevada","18":"pa_utilizzo-parques","20":"first","21":"instock","22":"purchasable","23":"product-type-simple"},"acf":[],"_links":{"self":[{"href":"https:\/\/innocentiemangonipiante.it\/es\/wp-json\/wp\/v2\/product\/27965","targetHints":{"allow":["GET"]}}],"collection":[{"href":"https:\/\/innocentiemangonipiante.it\/es\/wp-json\/wp\/v2\/product"}],"about":[{"href":"https:\/\/innocentiemangonipiante.it\/es\/wp-json\/wp\/v2\/types\/product"}],"wp:featuredmedia":[{"embeddable":true,"href":"https:\/\/innocentiemangonipiante.it\/es\/wp-json\/wp\/v2\/media\/20216"}],"wp:attachment":[{"href":"https:\/\/innocentiemangonipiante.it\/es\/wp-json\/wp\/v2\/media?parent=27965"}],"wp:term":[{"taxonomy":"product_brand","embeddable":true,"href":"https:\/\/innocentiemangonipiante.it\/es\/wp-json\/wp\/v2\/product_brand?post=27965"},{"taxonomy":"product_cat","embeddable":true,"href":"https:\/\/innocentiemangonipiante.it\/es\/wp-json\/wp\/v2\/product_cat?post=27965"},{"taxonomy":"product_tag","embeddable":true,"href":"https:\/\/innocentiemangonipiante.it\/es\/wp-json\/wp\/v2\/product_tag?post=27965"}],"curies":[{"name":"wp","href":"https:\/\/api.w.org\/{rel}","templated":true}]}}