{"id":27970,"date":"2023-11-03T23:19:35","date_gmt":"2023-11-03T22:19:35","guid":{"rendered":"http:\/\/innocentiemangonipiante.it\/acer-x-freemanii-sienna-glen\/"},"modified":"2023-11-08T18:24:56","modified_gmt":"2023-11-08T17:24:56","slug":"acer-x-freemanii-sienna-glen","status":"publish","type":"product","link":"https:\/\/innocentiemangonipiante.it\/es\/acer-x-freemanii-sienna-glen\/","title":{"rendered":"ACER x freemanii &#8216;Sienna Glen&#8217; \u00ae"},"content":{"rendered":"<p>Variedad muy r\u00fastica de Acer rubrum. Porte piramidal, \u00f3xido rojo en oto\u00f1o.<\/p>\n","protected":false},"excerpt":{"rendered":"<p>Variedad muy r\u00fastica de Acer rubrum. Porte piramidal, \u00f3xido rojo en oto\u00f1o.<\/p>\n","protected":false},"featured_media":20223,"template":"","meta":{"_acf_changed":false},"product_brand":[],"product_cat":[8814],"product_tag":[10899],"class_list":{"0":"post-27970","1":"product","2":"type-product","3":"status-publish","4":"has-post-thumbnail","6":"product_cat-arboles-y-arbustos-de-hoja-caduca","7":"product_tag-natural-es","8":"pa_altezza-massima-15-metros","9":"pa_altezza-massima-20-metros","10":"pa_famiglia-aceraceae-es","11":"pa_genere-acer-es","12":"pa_inquinamento-resistente-al-smog","13":"pa_origine-origine-delle-piante-u-s-a-es","14":"pa_portamento-piramidale-es","15":"pa_resistenza-climatica-muy-elevada","16":"pa_resistenza-del-suolo-resistente-a-la-humedad","17":"pa_resistenza-del-suolo-resistente-a-los-suelos-calcareos","18":"pa_utilizzo-parques","20":"first","21":"instock","22":"purchasable","23":"product-type-simple"},"acf":[],"_links":{"self":[{"href":"https:\/\/innocentiemangonipiante.it\/es\/wp-json\/wp\/v2\/product\/27970","targetHints":{"allow":["GET"]}}],"collection":[{"href":"https:\/\/innocentiemangonipiante.it\/es\/wp-json\/wp\/v2\/product"}],"about":[{"href":"https:\/\/innocentiemangonipiante.it\/es\/wp-json\/wp\/v2\/types\/product"}],"wp:featuredmedia":[{"embeddable":true,"href":"https:\/\/innocentiemangonipiante.it\/es\/wp-json\/wp\/v2\/media\/20223"}],"wp:attachment":[{"href":"https:\/\/innocentiemangonipiante.it\/es\/wp-json\/wp\/v2\/media?parent=27970"}],"wp:term":[{"taxonomy":"product_brand","embeddable":true,"href":"https:\/\/innocentiemangonipiante.it\/es\/wp-json\/wp\/v2\/product_brand?post=27970"},{"taxonomy":"product_cat","embeddable":true,"href":"https:\/\/innocentiemangonipiante.it\/es\/wp-json\/wp\/v2\/product_cat?post=27970"},{"taxonomy":"product_tag","embeddable":true,"href":"https:\/\/innocentiemangonipiante.it\/es\/wp-json\/wp\/v2\/product_tag?post=27970"}],"curies":[{"name":"wp","href":"https:\/\/api.w.org\/{rel}","templated":true}]}}