{"id":27990,"date":"2023-11-03T23:21:18","date_gmt":"2023-11-03T22:21:18","guid":{"rendered":"http:\/\/innocentiemangonipiante.it\/aesculus-hippocastanum\/"},"modified":"2023-11-08T18:26:22","modified_gmt":"2023-11-08T17:26:22","slug":"aesculus-hippocastanum","status":"publish","type":"product","link":"https:\/\/innocentiemangonipiante.it\/es\/aesculus-hippocastanum\/","title":{"rendered":"AESCULUS hippocastanum"},"content":{"rendered":"<p>\u00c1rbol fuerte, de porte extendido, redondeado. Las hojas palmeadas de 7 l\u00f3bulos son verdes, de 30 cm de largo o m\u00e1s. Produce flores blancas en panojas c\u00f3nicas erguidas, de hasta 30 cm de altura.<\/p>\n","protected":false},"excerpt":{"rendered":"<p>\u00c1rbol fuerte, de porte extendido, redondeado. Las hojas palmeadas de 7 l\u00f3bulos son verdes, de 30 cm de largo o m\u00e1s. Produce flores blancas en panojas c\u00f3nicas erguidas, de hasta 30 cm de altura.<\/p>\n","protected":false},"featured_media":20297,"template":"","meta":{"_acf_changed":false},"product_brand":[],"product_cat":[8814],"product_tag":[10899],"class_list":{"0":"post-27990","1":"product","2":"type-product","3":"status-publish","4":"has-post-thumbnail","6":"product_cat-arboles-y-arbustos-de-hoja-caduca","7":"product_tag-natural-es","8":"pa_altezza-massima-20-metros","9":"pa_altezza-massima-30-metros","10":"pa_colore-fioritura-blanco","11":"pa_famiglia-hippocastanaceae-es","12":"pa_genere-aesculus-es","13":"pa_inquinamento-resistente-al-smog","14":"pa_origine-europa-central","15":"pa_periodo-fioritura-abril","16":"pa_periodo-fioritura-mayo","17":"pa_portamento-arrotondato-es","18":"pa_profumo-intenso-es","19":"pa_resistenza-climatica-muy-elevada","20":"pa_resistenza-del-suolo-resistente-a-la-humedad","21":"pa_resistenza-del-suolo-resistente-a-los-suelos-calcareos","22":"pa_salinita-resistente-alla-salsedine-es","23":"pa_utilizzo-avenidas","24":"pa_utilizzo-parques","26":"first","27":"instock","28":"purchasable","29":"product-type-simple"},"acf":[],"_links":{"self":[{"href":"https:\/\/innocentiemangonipiante.it\/es\/wp-json\/wp\/v2\/product\/27990","targetHints":{"allow":["GET"]}}],"collection":[{"href":"https:\/\/innocentiemangonipiante.it\/es\/wp-json\/wp\/v2\/product"}],"about":[{"href":"https:\/\/innocentiemangonipiante.it\/es\/wp-json\/wp\/v2\/types\/product"}],"wp:featuredmedia":[{"embeddable":true,"href":"https:\/\/innocentiemangonipiante.it\/es\/wp-json\/wp\/v2\/media\/20297"}],"wp:attachment":[{"href":"https:\/\/innocentiemangonipiante.it\/es\/wp-json\/wp\/v2\/media?parent=27990"}],"wp:term":[{"taxonomy":"product_brand","embeddable":true,"href":"https:\/\/innocentiemangonipiante.it\/es\/wp-json\/wp\/v2\/product_brand?post=27990"},{"taxonomy":"product_cat","embeddable":true,"href":"https:\/\/innocentiemangonipiante.it\/es\/wp-json\/wp\/v2\/product_cat?post=27990"},{"taxonomy":"product_tag","embeddable":true,"href":"https:\/\/innocentiemangonipiante.it\/es\/wp-json\/wp\/v2\/product_tag?post=27990"}],"curies":[{"name":"wp","href":"https:\/\/api.w.org\/{rel}","templated":true}]}}