{"id":28010,"date":"2023-11-03T23:24:17","date_gmt":"2023-11-03T22:24:17","guid":{"rendered":"http:\/\/innocentiemangonipiante.it\/agave-geminiflora\/"},"modified":"2023-11-08T18:29:33","modified_gmt":"2023-11-08T17:29:33","slug":"agave-geminiflora","status":"publish","type":"product","link":"https:\/\/innocentiemangonipiante.it\/es\/agave-geminiflora\/","title":{"rendered":"AGAVE geminiflora"},"content":{"rendered":"<p>Agave geminiflora puede tener entre 100 y 200 hojas lineales, r\u00edgidas, de color verde oscuro y con bordes convexos con l\u00edneas blancas c\u00f3rneas e hilos rizados.<\/p>\n","protected":false},"excerpt":{"rendered":"<p>Agave geminiflora puede tener entre 100 y 200 hojas lineales, r\u00edgidas, de color verde oscuro y con bordes convexos con l\u00edneas blancas c\u00f3rneas e hilos rizados.<\/p>\n","protected":false},"featured_media":20339,"template":"","meta":{"_acf_changed":false},"product_brand":[],"product_cat":[8831,9232],"product_tag":[10899],"class_list":{"0":"post-28010","1":"product","2":"type-product","3":"status-publish","4":"has-post-thumbnail","6":"product_cat-palmaceas-y-suculentas","7":"product_cat-arboles-y-plantas-del-futuro","8":"product_tag-natural-es","9":"pa_altezza-massima-0_50-metros","10":"pa_altezza-massima-0_80-metros","11":"pa_colore-delle-foglie-variegadas","12":"pa_famiglia-agavaceae-es","13":"pa_genere-agave-es","14":"pa_origine-mexico-es","15":"pa_portamento-eretto-es","16":"pa_resistenza-climatica-plantas-con-baja-resistencia-climatica","17":"pa_salinita-resistente-alla-salsedine-es","18":"pa_utilizzo-balcones","19":"pa_utilizzo-pequenos-jardines","21":"first","22":"instock","23":"purchasable","24":"product-type-simple"},"acf":[],"_links":{"self":[{"href":"https:\/\/innocentiemangonipiante.it\/es\/wp-json\/wp\/v2\/product\/28010","targetHints":{"allow":["GET"]}}],"collection":[{"href":"https:\/\/innocentiemangonipiante.it\/es\/wp-json\/wp\/v2\/product"}],"about":[{"href":"https:\/\/innocentiemangonipiante.it\/es\/wp-json\/wp\/v2\/types\/product"}],"wp:featuredmedia":[{"embeddable":true,"href":"https:\/\/innocentiemangonipiante.it\/es\/wp-json\/wp\/v2\/media\/20339"}],"wp:attachment":[{"href":"https:\/\/innocentiemangonipiante.it\/es\/wp-json\/wp\/v2\/media?parent=28010"}],"wp:term":[{"taxonomy":"product_brand","embeddable":true,"href":"https:\/\/innocentiemangonipiante.it\/es\/wp-json\/wp\/v2\/product_brand?post=28010"},{"taxonomy":"product_cat","embeddable":true,"href":"https:\/\/innocentiemangonipiante.it\/es\/wp-json\/wp\/v2\/product_cat?post=28010"},{"taxonomy":"product_tag","embeddable":true,"href":"https:\/\/innocentiemangonipiante.it\/es\/wp-json\/wp\/v2\/product_tag?post=28010"}],"curies":[{"name":"wp","href":"https:\/\/api.w.org\/{rel}","templated":true}]}}