{"id":28021,"date":"2023-11-03T23:25:19","date_gmt":"2023-11-03T22:25:19","guid":{"rendered":"http:\/\/innocentiemangonipiante.it\/ajuga-reptans\/"},"modified":"2023-11-08T18:31:02","modified_gmt":"2023-11-08T17:31:02","slug":"ajuga-reptans","status":"publish","type":"product","link":"https:\/\/innocentiemangonipiante.it\/es\/ajuga-reptans\/","title":{"rendered":"AJUGA reptans"},"content":{"rendered":"<p>Planta herb\u00e1cea perenne de porte rastrero. Florece en verano con espigas de 15 cm de altura sobre las que florecen peque\u00f1as flores de color azul viol\u00e1ceo.<\/p>\n","protected":false},"excerpt":{"rendered":"<p>Planta herb\u00e1cea perenne de porte rastrero. Florece en verano con espigas de 15 cm de altura sobre las que florecen peque\u00f1as flores de color azul viol\u00e1ceo.<\/p>\n","protected":false},"featured_media":20369,"template":"","meta":{"_acf_changed":false},"product_brand":[],"product_cat":[8830],"product_tag":[10899],"class_list":{"0":"post-28021","1":"product","2":"type-product","3":"status-publish","4":"has-post-thumbnail","6":"product_cat-hierbas-perennes","7":"product_tag-natural-es","8":"pa_altezza-massima-0_20-metros","9":"pa_altezza-massima-0_30-metros","10":"pa_colore-fioritura-azul-es","11":"pa_condizionamento-clt-es","12":"pa_famiglia-labiatae-lamiaceae-es","13":"pa_genere-ajuga-es","14":"pa_origine-asia-es","15":"pa_origine-europa-mediterranea","16":"pa_periodo-fioritura-agosto-es","17":"pa_periodo-fioritura-julio","18":"pa_periodo-fioritura-junio","19":"pa_portamento-strisciante-es","20":"pa_resistenza-climatica-muy-elevada","21":"pa_resistenza-del-suolo-resistente-a-la-humedad","22":"pa_utilizzo-borduras","23":"pa_utilizzo-pequenos-jardines","25":"first","26":"instock","27":"purchasable","28":"product-type-simple"},"acf":[],"_links":{"self":[{"href":"https:\/\/innocentiemangonipiante.it\/es\/wp-json\/wp\/v2\/product\/28021","targetHints":{"allow":["GET"]}}],"collection":[{"href":"https:\/\/innocentiemangonipiante.it\/es\/wp-json\/wp\/v2\/product"}],"about":[{"href":"https:\/\/innocentiemangonipiante.it\/es\/wp-json\/wp\/v2\/types\/product"}],"wp:featuredmedia":[{"embeddable":true,"href":"https:\/\/innocentiemangonipiante.it\/es\/wp-json\/wp\/v2\/media\/20369"}],"wp:attachment":[{"href":"https:\/\/innocentiemangonipiante.it\/es\/wp-json\/wp\/v2\/media?parent=28021"}],"wp:term":[{"taxonomy":"product_brand","embeddable":true,"href":"https:\/\/innocentiemangonipiante.it\/es\/wp-json\/wp\/v2\/product_brand?post=28021"},{"taxonomy":"product_cat","embeddable":true,"href":"https:\/\/innocentiemangonipiante.it\/es\/wp-json\/wp\/v2\/product_cat?post=28021"},{"taxonomy":"product_tag","embeddable":true,"href":"https:\/\/innocentiemangonipiante.it\/es\/wp-json\/wp\/v2\/product_tag?post=28021"}],"curies":[{"name":"wp","href":"https:\/\/api.w.org\/{rel}","templated":true}]}}