{"id":28024,"date":"2023-11-03T23:25:52","date_gmt":"2023-11-03T22:25:52","guid":{"rendered":"http:\/\/innocentiemangonipiante.it\/albizia-julibrissin-chocolate-fountain\/"},"modified":"2023-11-08T18:31:33","modified_gmt":"2023-11-08T17:31:33","slug":"albizia-julibrissin-chocolate-fountain","status":"publish","type":"product","link":"https:\/\/innocentiemangonipiante.it\/es\/albizia-julibrissin-chocolate-fountain\/","title":{"rendered":"ALBIZIA julibrissin &#8216;Chocolate fountain&#8217;"},"content":{"rendered":"<p>\u00c1rbol llor\u00f3n adornado con grandes hojas de color p\u00farpura oscuro parecidas a helechos. Floraci\u00f3n rosada y fragante a principios de verano.<\/p>\n","protected":false},"excerpt":{"rendered":"<p>\u00c1rbol llor\u00f3n adornado con grandes hojas de color p\u00farpura oscuro parecidas a helechos. Floraci\u00f3n rosada y fragante a principios de verano.<\/p>\n","protected":false},"featured_media":33106,"template":"","meta":{"_acf_changed":false},"product_brand":[],"product_cat":[8814],"product_tag":[10899],"class_list":{"0":"post-28024","1":"product","2":"type-product","3":"status-publish","4":"has-post-thumbnail","6":"product_cat-arboles-y-arbustos-de-hoja-caduca","7":"product_tag-natural-es","8":"pa_altezza-massima-400-es","9":"pa_altezza-massima-600-es","10":"pa_colore-fioritura-rosado","11":"pa_famiglia-leguminosae-es","12":"pa_genere-albizia-es","13":"pa_origine-asia-oriental","14":"pa_periodo-fioritura-junio","15":"pa_portamento-piangente-es","16":"pa_profumo-delicato-es","17":"pa_resistenza-climatica-media-elevada","18":"pa_resistenza-del-suolo-resistente-a-los-suelos-calcareos","19":"pa_resistenza-del-suolo-resistente-a-los-suelos-secos","20":"pa_utilizzo-parques","22":"first","23":"instock","24":"purchasable","25":"product-type-simple"},"acf":[],"_links":{"self":[{"href":"https:\/\/innocentiemangonipiante.it\/es\/wp-json\/wp\/v2\/product\/28024","targetHints":{"allow":["GET"]}}],"collection":[{"href":"https:\/\/innocentiemangonipiante.it\/es\/wp-json\/wp\/v2\/product"}],"about":[{"href":"https:\/\/innocentiemangonipiante.it\/es\/wp-json\/wp\/v2\/types\/product"}],"wp:featuredmedia":[{"embeddable":true,"href":"https:\/\/innocentiemangonipiante.it\/es\/wp-json\/wp\/v2\/media\/33106"}],"wp:attachment":[{"href":"https:\/\/innocentiemangonipiante.it\/es\/wp-json\/wp\/v2\/media?parent=28024"}],"wp:term":[{"taxonomy":"product_brand","embeddable":true,"href":"https:\/\/innocentiemangonipiante.it\/es\/wp-json\/wp\/v2\/product_brand?post=28024"},{"taxonomy":"product_cat","embeddable":true,"href":"https:\/\/innocentiemangonipiante.it\/es\/wp-json\/wp\/v2\/product_cat?post=28024"},{"taxonomy":"product_tag","embeddable":true,"href":"https:\/\/innocentiemangonipiante.it\/es\/wp-json\/wp\/v2\/product_tag?post=28024"}],"curies":[{"name":"wp","href":"https:\/\/api.w.org\/{rel}","templated":true}]}}