{"id":28031,"date":"2023-11-03T23:26:32","date_gmt":"2023-11-03T22:26:32","guid":{"rendered":"http:\/\/innocentiemangonipiante.it\/allium-giganteum\/"},"modified":"2023-11-08T18:32:17","modified_gmt":"2023-11-08T17:32:17","slug":"allium-giganteum","status":"publish","type":"product","link":"https:\/\/innocentiemangonipiante.it\/es\/allium-giganteum\/","title":{"rendered":"ALLIUM giganteum"},"content":{"rendered":"<p>Planta bulbosa perenne de hojas caducas de color verde, con vetas que tienden al gris azulado. A finales de primavera, aparece una rica inflorescencia compuesta por unas 100 flores. \u00c9ste adquiere una caracter\u00edstica y vistosa forma circular con un di\u00e1metro de 15-20 cm y es de un bonito color violeta.<\/p>\n","protected":false},"excerpt":{"rendered":"<p>Planta bulbosa perenne de hojas caducas de color verde, con vetas que tienden al gris azulado. A finales de primavera, aparece una rica inflorescencia compuesta por unas 100 flores. \u00c9ste adquiere una caracter\u00edstica y vistosa forma circular con un di\u00e1metro de 15-20 cm y es de un bonito color violeta.<\/p>\n","protected":false},"featured_media":20396,"template":"","meta":{"_acf_changed":false},"product_brand":[],"product_cat":[8312],"product_tag":[10899],"class_list":{"0":"post-28031","1":"product","2":"type-product","3":"status-publish","4":"has-post-thumbnail","6":"product_cat-sin-categoria","7":"product_tag-natural-es","8":"pa_altezza-massima-100-es","9":"pa_altezza-massima-150-es","10":"pa_colore-fioritura-violeta","11":"pa_condizionamento-clt-es","12":"pa_famiglia-liliaceae-alliaceae-es","13":"pa_genere-allium-es","14":"pa_origine-asia-es","15":"pa_periodo-fioritura-junio","16":"pa_periodo-fioritura-mayo","17":"pa_portamento-de-columna-es","18":"pa_resistenza-climatica-muy-elevada","19":"pa_resistenza-del-suolo-resistente-a-los-suelos-calcareos","20":"pa_utilizzo-borduras","21":"pa_utilizzo-pequenos-jardines","23":"first","24":"instock","25":"purchasable","26":"product-type-simple"},"acf":[],"_links":{"self":[{"href":"https:\/\/innocentiemangonipiante.it\/es\/wp-json\/wp\/v2\/product\/28031","targetHints":{"allow":["GET"]}}],"collection":[{"href":"https:\/\/innocentiemangonipiante.it\/es\/wp-json\/wp\/v2\/product"}],"about":[{"href":"https:\/\/innocentiemangonipiante.it\/es\/wp-json\/wp\/v2\/types\/product"}],"wp:featuredmedia":[{"embeddable":true,"href":"https:\/\/innocentiemangonipiante.it\/es\/wp-json\/wp\/v2\/media\/20396"}],"wp:attachment":[{"href":"https:\/\/innocentiemangonipiante.it\/es\/wp-json\/wp\/v2\/media?parent=28031"}],"wp:term":[{"taxonomy":"product_brand","embeddable":true,"href":"https:\/\/innocentiemangonipiante.it\/es\/wp-json\/wp\/v2\/product_brand?post=28031"},{"taxonomy":"product_cat","embeddable":true,"href":"https:\/\/innocentiemangonipiante.it\/es\/wp-json\/wp\/v2\/product_cat?post=28031"},{"taxonomy":"product_tag","embeddable":true,"href":"https:\/\/innocentiemangonipiante.it\/es\/wp-json\/wp\/v2\/product_tag?post=28031"}],"curies":[{"name":"wp","href":"https:\/\/api.w.org\/{rel}","templated":true}]}}