{"id":28038,"date":"2023-11-03T23:28:01","date_gmt":"2023-11-03T22:28:01","guid":{"rendered":"http:\/\/innocentiemangonipiante.it\/amelanchier-lamarckii\/"},"modified":"2023-11-09T08:49:41","modified_gmt":"2023-11-09T07:49:41","slug":"amelanchier-lamarckii","status":"publish","type":"product","link":"https:\/\/innocentiemangonipiante.it\/es\/amelanchier-lamarckii\/","title":{"rendered":"AMELANCHIER lamarckii"},"content":{"rendered":"<p>\u00c1rbol caduco de porte erguido. Hojas verde-bronceadas, de hasta 8 cm de largo, que se vuelven de color verde oscuro y luego naranja y rojo en oto\u00f1o. Produce flores blancas de p\u00e9talos oblongos y lanceolados en abril-mayo. \u00c1rbol excepcionalmente r\u00fastico, es resistente al viento y al ambiente urbano.<\/p>\n","protected":false},"excerpt":{"rendered":"<p>\u00c1rbol caduco de porte erguido. Hojas verde-bronceadas, de hasta 8 cm de largo, que se vuelven de color verde oscuro y luego naranja y rojo en oto\u00f1o. Produce flores blancas de p\u00e9talos oblongos y lanceolados en abril-mayo. \u00c1rbol excepcionalmente r\u00fastico, es resistente al viento y al ambiente urbano.<\/p>\n","protected":false},"featured_media":33317,"template":"","meta":{"_acf_changed":false},"product_brand":[],"product_cat":[8814,9232],"product_tag":[10899,8598,8500,8402],"class_list":{"0":"post-28038","1":"product","2":"type-product","3":"status-publish","4":"has-post-thumbnail","6":"product_cat-arboles-y-arbustos-de-hoja-caduca","7":"product_cat-arboles-y-plantas-del-futuro","8":"product_tag-natural-es","9":"product_tag-multitronco-es-2","10":"product_tag-multitronco-con-copa-sombrilla","11":"product_tag-tallo-alto","12":"pa_altezza-massima-500-es","13":"pa_altezza-massima-800-es","14":"pa_colore-fioritura-blanco","15":"pa_condizionamento-clt-es","16":"pa_condizionamento-placa","17":"pa_famiglia-rosaceae-es","18":"pa_genere-amelanchier-es","19":"pa_inquinamento-resistente-al-smog","20":"pa_origine-origine-delle-piante-u-s-a-es","21":"pa_periodo-fioritura-abril","22":"pa_periodo-fioritura-mayo","23":"pa_portamento-eretto-es","24":"pa_resistenza-climatica-muy-elevada","25":"pa_resistenza-del-suolo-resistente-a-la-humedad","26":"pa_resistenza-del-suolo-resistente-a-los-suelos-secos","27":"pa_salinita-resistente-alla-salsedine-es","28":"pa_utilizzo-pequenos-jardines","30":"first","31":"instock","32":"purchasable","33":"product-type-simple"},"acf":[],"_links":{"self":[{"href":"https:\/\/innocentiemangonipiante.it\/es\/wp-json\/wp\/v2\/product\/28038","targetHints":{"allow":["GET"]}}],"collection":[{"href":"https:\/\/innocentiemangonipiante.it\/es\/wp-json\/wp\/v2\/product"}],"about":[{"href":"https:\/\/innocentiemangonipiante.it\/es\/wp-json\/wp\/v2\/types\/product"}],"wp:featuredmedia":[{"embeddable":true,"href":"https:\/\/innocentiemangonipiante.it\/es\/wp-json\/wp\/v2\/media\/33317"}],"wp:attachment":[{"href":"https:\/\/innocentiemangonipiante.it\/es\/wp-json\/wp\/v2\/media?parent=28038"}],"wp:term":[{"taxonomy":"product_brand","embeddable":true,"href":"https:\/\/innocentiemangonipiante.it\/es\/wp-json\/wp\/v2\/product_brand?post=28038"},{"taxonomy":"product_cat","embeddable":true,"href":"https:\/\/innocentiemangonipiante.it\/es\/wp-json\/wp\/v2\/product_cat?post=28038"},{"taxonomy":"product_tag","embeddable":true,"href":"https:\/\/innocentiemangonipiante.it\/es\/wp-json\/wp\/v2\/product_tag?post=28038"}],"curies":[{"name":"wp","href":"https:\/\/api.w.org\/{rel}","templated":true}]}}