{"id":28041,"date":"2023-11-03T23:28:30","date_gmt":"2023-11-03T22:28:30","guid":{"rendered":"http:\/\/innocentiemangonipiante.it\/amygdalus-vulgaris-ferragnes\/"},"modified":"2023-11-09T08:50:03","modified_gmt":"2023-11-09T07:50:03","slug":"amygdalus-vulgaris-ferragnes","status":"publish","type":"product","link":"https:\/\/innocentiemangonipiante.it\/es\/amygdalus-vulgaris-ferragnes\/","title":{"rendered":"AMYGDALUS vulgaris &#8216;Ferragnes&#8217;"},"content":{"rendered":"<p>Floraci\u00f3n tard\u00eda, hueso semiduro, maduraci\u00f3n media.<\/p>\n","protected":false},"excerpt":{"rendered":"<p>Floraci\u00f3n tard\u00eda, hueso semiduro, maduraci\u00f3n media.<\/p>\n","protected":false},"featured_media":20420,"template":"","meta":{"_acf_changed":false},"product_brand":[],"product_cat":[8312],"product_tag":[10899,8737,8566],"class_list":{"0":"post-28041","1":"product","2":"type-product","3":"status-publish","4":"has-post-thumbnail","6":"product_cat-sin-categoria","7":"product_tag-natural-es","8":"product_tag-cuarto-de-tallo","9":"product_tag-medio-tallo","10":"pa_altezza-massima-500-es","11":"pa_altezza-massima-800-es","12":"pa_arte-topiaria-disponible-planta-en-forma","13":"pa_colore-fioritura-rosado","14":"pa_condizionamento-clt-es","15":"pa_famiglia-rosaceae-es","16":"pa_genere-amygdalus-es","17":"pa_origine-francia","18":"pa_periodo-fioritura-marzo-es","19":"pa_periodo-fruttificazione-agosto-es","20":"pa_periodo-fruttificazione-septiembre","21":"pa_portamento-arrotondato-es","22":"pa_profumo-delicato-es","23":"pa_resistenza-climatica-muy-elevada","24":"pa_resistenza-del-suolo-resistente-a-los-suelos-secos","25":"pa_utilizzo-parques","26":"pa_utilizzo-pequenos-jardines","28":"first","29":"instock","30":"purchasable","31":"product-type-simple"},"acf":[],"_links":{"self":[{"href":"https:\/\/innocentiemangonipiante.it\/es\/wp-json\/wp\/v2\/product\/28041","targetHints":{"allow":["GET"]}}],"collection":[{"href":"https:\/\/innocentiemangonipiante.it\/es\/wp-json\/wp\/v2\/product"}],"about":[{"href":"https:\/\/innocentiemangonipiante.it\/es\/wp-json\/wp\/v2\/types\/product"}],"wp:featuredmedia":[{"embeddable":true,"href":"https:\/\/innocentiemangonipiante.it\/es\/wp-json\/wp\/v2\/media\/20420"}],"wp:attachment":[{"href":"https:\/\/innocentiemangonipiante.it\/es\/wp-json\/wp\/v2\/media?parent=28041"}],"wp:term":[{"taxonomy":"product_brand","embeddable":true,"href":"https:\/\/innocentiemangonipiante.it\/es\/wp-json\/wp\/v2\/product_brand?post=28041"},{"taxonomy":"product_cat","embeddable":true,"href":"https:\/\/innocentiemangonipiante.it\/es\/wp-json\/wp\/v2\/product_cat?post=28041"},{"taxonomy":"product_tag","embeddable":true,"href":"https:\/\/innocentiemangonipiante.it\/es\/wp-json\/wp\/v2\/product_tag?post=28041"}],"curies":[{"name":"wp","href":"https:\/\/api.w.org\/{rel}","templated":true}]}}