{"id":28044,"date":"2023-11-03T23:28:42","date_gmt":"2023-11-03T22:28:42","guid":{"rendered":"http:\/\/innocentiemangonipiante.it\/amygdalus-vulgaris-marcona\/"},"modified":"2023-11-09T08:50:15","modified_gmt":"2023-11-09T07:50:15","slug":"amygdalus-vulgaris-marcona","status":"publish","type":"product","link":"https:\/\/innocentiemangonipiante.it\/es\/amygdalus-vulgaris-marcona\/","title":{"rendered":"AMYGDALUS vulgaris &#8216;Marcona&#8217;"},"content":{"rendered":"<p>Floraci\u00f3n media, hueso duro, producci\u00f3n abundante, maduraci\u00f3n tard\u00eda.<\/p>\n","protected":false},"excerpt":{"rendered":"<p>Floraci\u00f3n media, hueso duro, producci\u00f3n abundante, maduraci\u00f3n tard\u00eda.<\/p>\n","protected":false},"featured_media":20427,"template":"","meta":{"_acf_changed":false},"product_brand":[],"product_cat":[8312],"product_tag":[10899,8737,8566],"class_list":{"0":"post-28044","1":"product","2":"type-product","3":"status-publish","4":"has-post-thumbnail","6":"product_cat-sin-categoria","7":"product_tag-natural-es","8":"product_tag-cuarto-de-tallo","9":"product_tag-medio-tallo","10":"pa_altezza-massima-500-es","11":"pa_altezza-massima-800-es","12":"pa_colore-fioritura-rosado","13":"pa_condizionamento-clt-es","14":"pa_famiglia-rosaceae-es","15":"pa_genere-amygdalus-es","16":"pa_origine-balcanes","17":"pa_periodo-fioritura-febrero","18":"pa_periodo-fioritura-marzo-es","19":"pa_periodo-fruttificazione-septiembre","20":"pa_portamento-arrotondato-es","21":"pa_profumo-delicato-es","22":"pa_resistenza-climatica-muy-elevada","23":"pa_resistenza-del-suolo-resistente-a-los-suelos-secos","24":"pa_utilizzo-parques","25":"pa_utilizzo-pequenos-jardines","27":"first","28":"instock","29":"purchasable","30":"product-type-simple"},"acf":[],"_links":{"self":[{"href":"https:\/\/innocentiemangonipiante.it\/es\/wp-json\/wp\/v2\/product\/28044","targetHints":{"allow":["GET"]}}],"collection":[{"href":"https:\/\/innocentiemangonipiante.it\/es\/wp-json\/wp\/v2\/product"}],"about":[{"href":"https:\/\/innocentiemangonipiante.it\/es\/wp-json\/wp\/v2\/types\/product"}],"wp:featuredmedia":[{"embeddable":true,"href":"https:\/\/innocentiemangonipiante.it\/es\/wp-json\/wp\/v2\/media\/20427"}],"wp:attachment":[{"href":"https:\/\/innocentiemangonipiante.it\/es\/wp-json\/wp\/v2\/media?parent=28044"}],"wp:term":[{"taxonomy":"product_brand","embeddable":true,"href":"https:\/\/innocentiemangonipiante.it\/es\/wp-json\/wp\/v2\/product_brand?post=28044"},{"taxonomy":"product_cat","embeddable":true,"href":"https:\/\/innocentiemangonipiante.it\/es\/wp-json\/wp\/v2\/product_cat?post=28044"},{"taxonomy":"product_tag","embeddable":true,"href":"https:\/\/innocentiemangonipiante.it\/es\/wp-json\/wp\/v2\/product_tag?post=28044"}],"curies":[{"name":"wp","href":"https:\/\/api.w.org\/{rel}","templated":true}]}}