{"id":28045,"date":"2023-11-03T23:28:48","date_gmt":"2023-11-03T22:28:48","guid":{"rendered":"http:\/\/innocentiemangonipiante.it\/amygdalus-vulgaris-princesse\/"},"modified":"2023-11-09T08:50:21","modified_gmt":"2023-11-09T07:50:21","slug":"amygdalus-vulgaris-princesse","status":"publish","type":"product","link":"https:\/\/innocentiemangonipiante.it\/es\/amygdalus-vulgaris-princesse\/","title":{"rendered":"AMYGDALUS vulgaris &#8216;Princesse&#8217;"},"content":{"rendered":"<p>Floraci\u00f3n media, hueso blando. Producci\u00f3n abundante y maduraci\u00f3n media.<\/p>\n","protected":false},"excerpt":{"rendered":"<p>Floraci\u00f3n media, hueso blando. Producci\u00f3n abundante y maduraci\u00f3n media.<\/p>\n","protected":false},"featured_media":20433,"template":"","meta":{"_acf_changed":false},"product_brand":[],"product_cat":[8312],"product_tag":[10899,8737,8566,8402],"class_list":{"0":"post-28045","1":"product","2":"type-product","3":"status-publish","4":"has-post-thumbnail","6":"product_cat-sin-categoria","7":"product_tag-natural-es","8":"product_tag-cuarto-de-tallo","9":"product_tag-medio-tallo","10":"product_tag-tallo-alto","11":"pa_altezza-massima-500-es","12":"pa_altezza-massima-800-es","13":"pa_arte-topiaria-disponible-planta-en-forma","14":"pa_colore-fioritura-rosado","15":"pa_condizionamento-clt-es","16":"pa_famiglia-rosaceae-es","17":"pa_genere-amygdalus-es","18":"pa_origine-francia","19":"pa_periodo-fioritura-febrero","20":"pa_periodo-fioritura-marzo-es","21":"pa_periodo-fruttificazione-agosto-es","22":"pa_portamento-arrotondato-es","23":"pa_profumo-delicato-es","24":"pa_resistenza-climatica-muy-elevada","25":"pa_resistenza-del-suolo-resistente-a-los-suelos-secos","26":"pa_utilizzo-parques","27":"pa_utilizzo-pequenos-jardines","29":"first","30":"instock","31":"purchasable","32":"product-type-simple"},"acf":[],"_links":{"self":[{"href":"https:\/\/innocentiemangonipiante.it\/es\/wp-json\/wp\/v2\/product\/28045","targetHints":{"allow":["GET"]}}],"collection":[{"href":"https:\/\/innocentiemangonipiante.it\/es\/wp-json\/wp\/v2\/product"}],"about":[{"href":"https:\/\/innocentiemangonipiante.it\/es\/wp-json\/wp\/v2\/types\/product"}],"wp:featuredmedia":[{"embeddable":true,"href":"https:\/\/innocentiemangonipiante.it\/es\/wp-json\/wp\/v2\/media\/20433"}],"wp:attachment":[{"href":"https:\/\/innocentiemangonipiante.it\/es\/wp-json\/wp\/v2\/media?parent=28045"}],"wp:term":[{"taxonomy":"product_brand","embeddable":true,"href":"https:\/\/innocentiemangonipiante.it\/es\/wp-json\/wp\/v2\/product_brand?post=28045"},{"taxonomy":"product_cat","embeddable":true,"href":"https:\/\/innocentiemangonipiante.it\/es\/wp-json\/wp\/v2\/product_cat?post=28045"},{"taxonomy":"product_tag","embeddable":true,"href":"https:\/\/innocentiemangonipiante.it\/es\/wp-json\/wp\/v2\/product_tag?post=28045"}],"curies":[{"name":"wp","href":"https:\/\/api.w.org\/{rel}","templated":true}]}}