{"id":28063,"date":"2023-11-03T23:29:39","date_gmt":"2023-11-03T22:29:39","guid":{"rendered":"http:\/\/innocentiemangonipiante.it\/aralia-elata\/"},"modified":"2023-11-09T08:51:15","modified_gmt":"2023-11-09T07:51:15","slug":"aralia-elata","status":"publish","type":"product","link":"https:\/\/innocentiemangonipiante.it\/es\/aralia-elata\/","title":{"rendered":"ARALIA elata"},"content":{"rendered":"<p>\u00c1rbol de hoja caduca o arbusto sufruticoso con tallos escasos, r\u00edgidos y espinosos. Hojas grandes de color verde oscuro con fol\u00edolos ovalados emparejados. A finales del verano o en oto\u00f1o produce cabezas hinchadas de diminutas flores blancas, que forman una gran pan\u00edcula.<\/p>\n","protected":false},"excerpt":{"rendered":"<p>\u00c1rbol de hoja caduca o arbusto sufruticoso con tallos escasos, r\u00edgidos y espinosos. Hojas grandes de color verde oscuro con fol\u00edolos ovalados emparejados. A finales del verano o en oto\u00f1o produce cabezas hinchadas de diminutas flores blancas, que forman una gran pan\u00edcula.<\/p>\n","protected":false},"featured_media":20481,"template":"","meta":{"_acf_changed":false},"product_brand":[],"product_cat":[8815],"product_tag":[10899],"class_list":{"0":"post-28063","1":"product","2":"type-product","3":"status-publish","4":"has-post-thumbnail","6":"product_cat-arboles-y-arbustos-persistentes","7":"product_tag-natural-es","8":"pa_altezza-massima-1000-es-2","9":"pa_colore-fioritura-blanco","10":"pa_famiglia-araliaceae-es","11":"pa_genere-aralia-es","12":"pa_origine-russia-es","13":"pa_periodo-fioritura-agosto-es","14":"pa_periodo-fioritura-septiembre","15":"pa_portamento-piramidale-es","16":"pa_resistenza-climatica-muy-elevada","17":"pa_resistenza-del-suolo-resistente-a-los-suelos-calcareos","18":"pa_utilizzo-parques","19":"pa_utilizzo-pequenos-jardines","21":"first","22":"instock","23":"purchasable","24":"product-type-simple"},"acf":[],"_links":{"self":[{"href":"https:\/\/innocentiemangonipiante.it\/es\/wp-json\/wp\/v2\/product\/28063","targetHints":{"allow":["GET"]}}],"collection":[{"href":"https:\/\/innocentiemangonipiante.it\/es\/wp-json\/wp\/v2\/product"}],"about":[{"href":"https:\/\/innocentiemangonipiante.it\/es\/wp-json\/wp\/v2\/types\/product"}],"wp:featuredmedia":[{"embeddable":true,"href":"https:\/\/innocentiemangonipiante.it\/es\/wp-json\/wp\/v2\/media\/20481"}],"wp:attachment":[{"href":"https:\/\/innocentiemangonipiante.it\/es\/wp-json\/wp\/v2\/media?parent=28063"}],"wp:term":[{"taxonomy":"product_brand","embeddable":true,"href":"https:\/\/innocentiemangonipiante.it\/es\/wp-json\/wp\/v2\/product_brand?post=28063"},{"taxonomy":"product_cat","embeddable":true,"href":"https:\/\/innocentiemangonipiante.it\/es\/wp-json\/wp\/v2\/product_cat?post=28063"},{"taxonomy":"product_tag","embeddable":true,"href":"https:\/\/innocentiemangonipiante.it\/es\/wp-json\/wp\/v2\/product_tag?post=28063"}],"curies":[{"name":"wp","href":"https:\/\/api.w.org\/{rel}","templated":true}]}}