{"id":28089,"date":"2023-11-03T23:32:16","date_gmt":"2023-11-03T22:32:16","guid":{"rendered":"http:\/\/innocentiemangonipiante.it\/aster-dumosus-schneekissen\/"},"modified":"2023-11-09T08:53:52","modified_gmt":"2023-11-09T07:53:52","slug":"aster-dumosus-schneekissen","status":"publish","type":"product","link":"https:\/\/innocentiemangonipiante.it\/es\/aster-dumosus-schneekissen\/","title":{"rendered":"ASTER dumosus &#8216;Schneekissen&#8217;"},"content":{"rendered":"<p>Planta herb\u00e1cea perenne caducifolia de buena rusticidad, llamada com\u00fanmente septembrina. Porte tupido, floraci\u00f3n blanca.<\/p>\n","protected":false},"excerpt":{"rendered":"<p>Planta herb\u00e1cea perenne caducifolia de buena rusticidad, llamada com\u00fanmente septembrina. Porte tupido, floraci\u00f3n blanca.<\/p>\n","protected":false},"featured_media":20568,"template":"","meta":{"_acf_changed":false},"product_brand":[],"product_cat":[8312],"product_tag":[10899],"class_list":{"0":"post-28089","1":"product","2":"type-product","3":"status-publish","4":"has-post-thumbnail","6":"product_cat-sin-categoria","7":"product_tag-natural-es","8":"pa_altezza-massima-0_30-metros","9":"pa_altezza-massima-035-es","10":"pa_colore-fioritura-blanco","11":"pa_condizionamento-clt-es","12":"pa_famiglia-asteraceae-compositae-es","13":"pa_genere-aster-es","14":"pa_origine-america-es","15":"pa_periodo-fioritura-octubre","16":"pa_periodo-fioritura-septiembre","17":"pa_portamento-eretto-es","18":"pa_resistenza-climatica-muy-elevada","19":"pa_resistenza-del-suolo-resistente-a-los-suelos-secos","20":"pa_utilizzo-balcones","21":"pa_utilizzo-borduras","22":"pa_utilizzo-pequenos-jardines","24":"first","25":"instock","26":"purchasable","27":"product-type-simple"},"acf":[],"_links":{"self":[{"href":"https:\/\/innocentiemangonipiante.it\/es\/wp-json\/wp\/v2\/product\/28089","targetHints":{"allow":["GET"]}}],"collection":[{"href":"https:\/\/innocentiemangonipiante.it\/es\/wp-json\/wp\/v2\/product"}],"about":[{"href":"https:\/\/innocentiemangonipiante.it\/es\/wp-json\/wp\/v2\/types\/product"}],"wp:featuredmedia":[{"embeddable":true,"href":"https:\/\/innocentiemangonipiante.it\/es\/wp-json\/wp\/v2\/media\/20568"}],"wp:attachment":[{"href":"https:\/\/innocentiemangonipiante.it\/es\/wp-json\/wp\/v2\/media?parent=28089"}],"wp:term":[{"taxonomy":"product_brand","embeddable":true,"href":"https:\/\/innocentiemangonipiante.it\/es\/wp-json\/wp\/v2\/product_brand?post=28089"},{"taxonomy":"product_cat","embeddable":true,"href":"https:\/\/innocentiemangonipiante.it\/es\/wp-json\/wp\/v2\/product_cat?post=28089"},{"taxonomy":"product_tag","embeddable":true,"href":"https:\/\/innocentiemangonipiante.it\/es\/wp-json\/wp\/v2\/product_tag?post=28089"}],"curies":[{"name":"wp","href":"https:\/\/api.w.org\/{rel}","templated":true}]}}