{"id":28101,"date":"2023-11-03T23:33:18","date_gmt":"2023-11-03T22:33:18","guid":{"rendered":"http:\/\/innocentiemangonipiante.it\/aucuba-japonica-rozzannie\/"},"modified":"2023-11-09T08:55:09","modified_gmt":"2023-11-09T07:55:09","slug":"aucuba-japonica-rozzannie","status":"publish","type":"product","link":"https:\/\/innocentiemangonipiante.it\/es\/aucuba-japonica-rozzannie\/","title":{"rendered":"AUCUBA japonica &#8216;Rozzannie&#8217;"},"content":{"rendered":"<p>De porte compacto, con hermosas hojas brillantes, dentadas en los bordes, de color verde brillante. Peque\u00f1as flores rojas en primavera, seguidas de frutos rojos que maduran del verano al oto\u00f1o. La variedad es autof\u00e9rtil.<\/p>\n","protected":false},"excerpt":{"rendered":"<p>De porte compacto, con hermosas hojas brillantes, dentadas en los bordes, de color verde brillante. Peque\u00f1as flores rojas en primavera, seguidas de frutos rojos que maduran del verano al oto\u00f1o. La variedad es autof\u00e9rtil.<\/p>\n","protected":false},"featured_media":20606,"template":"","meta":{"_acf_changed":false},"product_brand":[],"product_cat":[8815],"product_tag":[10899],"class_list":{"0":"post-28101","1":"product","2":"type-product","3":"status-publish","4":"has-post-thumbnail","6":"product_cat-arboles-y-arbustos-persistentes","7":"product_tag-natural-es","8":"pa_altezza-massima-100-es","9":"pa_altezza-massima-150-es","10":"pa_colore-fioritura-rojo","11":"pa_famiglia-cornaceae-es","12":"pa_genere-aucuba-es","13":"pa_origine-japon-es","14":"pa_periodo-fioritura-abril","15":"pa_periodo-fioritura-marzo-es","16":"pa_periodo-fioritura-mayo","17":"pa_periodo-fruttificazione-agosto-es","18":"pa_periodo-fruttificazione-julio","19":"pa_periodo-fruttificazione-junio","20":"pa_periodo-fruttificazione-septiembre","21":"pa_portamento-arrotondato-es","22":"pa_resistenza-climatica-media","23":"pa_utilizzo-de-interior","24":"pa_utilizzo-pequenos-jardines","25":"pa_utilizzo-setos","27":"first","28":"instock","29":"purchasable","30":"product-type-simple"},"acf":[],"_links":{"self":[{"href":"https:\/\/innocentiemangonipiante.it\/es\/wp-json\/wp\/v2\/product\/28101","targetHints":{"allow":["GET"]}}],"collection":[{"href":"https:\/\/innocentiemangonipiante.it\/es\/wp-json\/wp\/v2\/product"}],"about":[{"href":"https:\/\/innocentiemangonipiante.it\/es\/wp-json\/wp\/v2\/types\/product"}],"wp:featuredmedia":[{"embeddable":true,"href":"https:\/\/innocentiemangonipiante.it\/es\/wp-json\/wp\/v2\/media\/20606"}],"wp:attachment":[{"href":"https:\/\/innocentiemangonipiante.it\/es\/wp-json\/wp\/v2\/media?parent=28101"}],"wp:term":[{"taxonomy":"product_brand","embeddable":true,"href":"https:\/\/innocentiemangonipiante.it\/es\/wp-json\/wp\/v2\/product_brand?post=28101"},{"taxonomy":"product_cat","embeddable":true,"href":"https:\/\/innocentiemangonipiante.it\/es\/wp-json\/wp\/v2\/product_cat?post=28101"},{"taxonomy":"product_tag","embeddable":true,"href":"https:\/\/innocentiemangonipiante.it\/es\/wp-json\/wp\/v2\/product_tag?post=28101"}],"curies":[{"name":"wp","href":"https:\/\/api.w.org\/{rel}","templated":true}]}}