{"id":28143,"date":"2023-11-03T23:35:06","date_gmt":"2023-11-03T22:35:06","guid":{"rendered":"http:\/\/innocentiemangonipiante.it\/azalea-japonica-perla-del-verbano\/"},"modified":"2023-11-09T08:56:34","modified_gmt":"2023-11-09T07:56:34","slug":"azalea-japonica-perla-del-verbano","status":"publish","type":"product","link":"https:\/\/innocentiemangonipiante.it\/es\/azalea-japonica-perla-del-verbano\/","title":{"rendered":"AZALEA japonica &#8216;Perla del Verbano&#8217;"},"content":{"rendered":"<p>Flores dobles, de tama\u00f1o medio-grande, de color rosa intenso. La floraci\u00f3n es m\u00e1s tard\u00eda que otras variedades.<\/p>\n","protected":false},"excerpt":{"rendered":"<p>Flores dobles, de tama\u00f1o medio-grande, de color rosa intenso. La floraci\u00f3n es m\u00e1s tard\u00eda que otras variedades.<\/p>\n","protected":false},"featured_media":0,"template":"","meta":{"_acf_changed":false},"product_brand":[],"product_cat":[8815],"product_tag":[10899,8718],"class_list":{"0":"post-28143","1":"product","2":"type-product","3":"status-publish","5":"product_cat-arboles-y-arbustos-persistentes","6":"product_tag-natural-es","7":"product_tag-pompons-es","8":"pa_altezza-massima-100-es","9":"pa_altezza-massima-150-es","10":"pa_arte-topiaria-disponible-planta-en-forma","11":"pa_colore-fioritura-rosado","12":"pa_condizionamento-clt-es","13":"pa_famiglia-ericaceae-es","14":"pa_genere-azalea-es","15":"pa_origine-europe-es","16":"pa_periodo-fioritura-junio","17":"pa_periodo-fioritura-mayo","18":"pa_portamento-arrotondato-es","19":"pa_resistenza-climatica-muy-elevada","20":"pa_utilizzo-balcones","21":"pa_utilizzo-pequenos-jardines","23":"first","24":"instock","25":"purchasable","26":"product-type-simple"},"acf":[],"_links":{"self":[{"href":"https:\/\/innocentiemangonipiante.it\/es\/wp-json\/wp\/v2\/product\/28143","targetHints":{"allow":["GET"]}}],"collection":[{"href":"https:\/\/innocentiemangonipiante.it\/es\/wp-json\/wp\/v2\/product"}],"about":[{"href":"https:\/\/innocentiemangonipiante.it\/es\/wp-json\/wp\/v2\/types\/product"}],"wp:attachment":[{"href":"https:\/\/innocentiemangonipiante.it\/es\/wp-json\/wp\/v2\/media?parent=28143"}],"wp:term":[{"taxonomy":"product_brand","embeddable":true,"href":"https:\/\/innocentiemangonipiante.it\/es\/wp-json\/wp\/v2\/product_brand?post=28143"},{"taxonomy":"product_cat","embeddable":true,"href":"https:\/\/innocentiemangonipiante.it\/es\/wp-json\/wp\/v2\/product_cat?post=28143"},{"taxonomy":"product_tag","embeddable":true,"href":"https:\/\/innocentiemangonipiante.it\/es\/wp-json\/wp\/v2\/product_tag?post=28143"}],"curies":[{"name":"wp","href":"https:\/\/api.w.org\/{rel}","templated":true}]}}