{"id":28155,"date":"2023-11-03T23:35:42","date_gmt":"2023-11-03T22:35:42","guid":{"rendered":"http:\/\/innocentiemangonipiante.it\/azalea-japonica-silvester\/"},"modified":"2023-11-09T08:57:26","modified_gmt":"2023-11-09T07:57:26","slug":"azalea-japonica-silvester","status":"publish","type":"product","link":"https:\/\/innocentiemangonipiante.it\/es\/azalea-japonica-silvester\/","title":{"rendered":"AZALEA japonica &#8216;Silvester&#8217;"},"content":{"rendered":"<p>Tiene peque\u00f1as flores de color rosa p\u00e1lido y violeta. Florece temprano, desde finales de abril hasta mediados de mayo. Mont\u00edculo de crecimiento lento.<\/p>\n","protected":false},"excerpt":{"rendered":"<p>Tiene peque\u00f1as flores de color rosa p\u00e1lido y violeta. Florece temprano, desde finales de abril hasta mediados de mayo. Mont\u00edculo de crecimiento lento.<\/p>\n","protected":false},"featured_media":20653,"template":"","meta":{"_acf_changed":false},"product_brand":[],"product_cat":[8815],"product_tag":[10899],"class_list":{"0":"post-28155","1":"product","2":"type-product","3":"status-publish","4":"has-post-thumbnail","6":"product_cat-arboles-y-arbustos-persistentes","7":"product_tag-natural-es","8":"pa_altezza-massima-100-es","9":"pa_altezza-massima-120-es","10":"pa_colore-fioritura-rosado","11":"pa_famiglia-ericaceae-es","12":"pa_genere-azalea-es","13":"pa_inquinamento-resistente-al-smog","14":"pa_origine-asia-oriental","15":"pa_periodo-fioritura-abril","16":"pa_periodo-fioritura-mayo","17":"pa_portamento-arrotondato-es","18":"pa_resistenza-climatica-muy-elevada","19":"pa_utilizzo-balcones","20":"pa_utilizzo-de-interior","21":"pa_utilizzo-pequenos-jardines","23":"first","24":"instock","25":"purchasable","26":"product-type-simple"},"acf":[],"_links":{"self":[{"href":"https:\/\/innocentiemangonipiante.it\/es\/wp-json\/wp\/v2\/product\/28155","targetHints":{"allow":["GET"]}}],"collection":[{"href":"https:\/\/innocentiemangonipiante.it\/es\/wp-json\/wp\/v2\/product"}],"about":[{"href":"https:\/\/innocentiemangonipiante.it\/es\/wp-json\/wp\/v2\/types\/product"}],"wp:featuredmedia":[{"embeddable":true,"href":"https:\/\/innocentiemangonipiante.it\/es\/wp-json\/wp\/v2\/media\/20653"}],"wp:attachment":[{"href":"https:\/\/innocentiemangonipiante.it\/es\/wp-json\/wp\/v2\/media?parent=28155"}],"wp:term":[{"taxonomy":"product_brand","embeddable":true,"href":"https:\/\/innocentiemangonipiante.it\/es\/wp-json\/wp\/v2\/product_brand?post=28155"},{"taxonomy":"product_cat","embeddable":true,"href":"https:\/\/innocentiemangonipiante.it\/es\/wp-json\/wp\/v2\/product_cat?post=28155"},{"taxonomy":"product_tag","embeddable":true,"href":"https:\/\/innocentiemangonipiante.it\/es\/wp-json\/wp\/v2\/product_tag?post=28155"}],"curies":[{"name":"wp","href":"https:\/\/api.w.org\/{rel}","templated":true}]}}