{"id":28233,"date":"2023-11-03T23:44:23","date_gmt":"2023-11-03T22:44:23","guid":{"rendered":"http:\/\/innocentiemangonipiante.it\/betula-pendula-purpurea\/"},"modified":"2023-11-09T09:07:10","modified_gmt":"2023-11-09T08:07:10","slug":"betula-pendula-purpurea","status":"publish","type":"product","link":"https:\/\/innocentiemangonipiante.it\/es\/betula-pendula-purpurea\/","title":{"rendered":"BETULA pendula &#8216;Purpurea&#8217;"},"content":{"rendered":"<p>\u00c1rbol peque\u00f1o de porte regular y estrecho. Como Betula pendula, sus ramas tienden a colgar, pero el crecimiento es m\u00e1s lento. Las hojas viran del rojo vivo al rojo m\u00e1s oscuro. La corteza es de un tono grisblanco.<\/p>\n","protected":false},"excerpt":{"rendered":"<p>\u00c1rbol peque\u00f1o de porte regular y estrecho. Como Betula pendula, sus ramas tienden a colgar, pero el crecimiento es m\u00e1s lento. Las hojas viran del rojo vivo al rojo m\u00e1s oscuro. La corteza es de un tono grisblanco.<\/p>\n","protected":false},"featured_media":20793,"template":"","meta":{"_acf_changed":false},"product_brand":[],"product_cat":[8814],"product_tag":[10899],"class_list":{"0":"post-28233","1":"product","2":"type-product","3":"status-publish","4":"has-post-thumbnail","6":"product_cat-arboles-y-arbustos-de-hoja-caduca","7":"product_tag-natural-es","8":"pa_altezza-massima-800-es","9":"pa_altezza-massima-1000-es-2","10":"pa_colore-delle-foglie-rojas","11":"pa_famiglia-betulaceae-es","12":"pa_genere-betula-es","13":"pa_origine-asia-es","14":"pa_portamento-arrotondato-es","15":"pa_resistenza-climatica-muy-elevada","16":"pa_resistenza-del-suolo-resistente-a-la-humedad","17":"pa_resistenza-del-suolo-resistente-a-los-suelos-calcareos","18":"pa_resistenza-del-suolo-resistente-a-los-suelos-secos","19":"pa_salinita-resistente-alla-salsedine-es","20":"pa_utilizzo-parques","22":"first","23":"instock","24":"purchasable","25":"product-type-simple"},"acf":[],"_links":{"self":[{"href":"https:\/\/innocentiemangonipiante.it\/es\/wp-json\/wp\/v2\/product\/28233","targetHints":{"allow":["GET"]}}],"collection":[{"href":"https:\/\/innocentiemangonipiante.it\/es\/wp-json\/wp\/v2\/product"}],"about":[{"href":"https:\/\/innocentiemangonipiante.it\/es\/wp-json\/wp\/v2\/types\/product"}],"wp:featuredmedia":[{"embeddable":true,"href":"https:\/\/innocentiemangonipiante.it\/es\/wp-json\/wp\/v2\/media\/20793"}],"wp:attachment":[{"href":"https:\/\/innocentiemangonipiante.it\/es\/wp-json\/wp\/v2\/media?parent=28233"}],"wp:term":[{"taxonomy":"product_brand","embeddable":true,"href":"https:\/\/innocentiemangonipiante.it\/es\/wp-json\/wp\/v2\/product_brand?post=28233"},{"taxonomy":"product_cat","embeddable":true,"href":"https:\/\/innocentiemangonipiante.it\/es\/wp-json\/wp\/v2\/product_cat?post=28233"},{"taxonomy":"product_tag","embeddable":true,"href":"https:\/\/innocentiemangonipiante.it\/es\/wp-json\/wp\/v2\/product_tag?post=28233"}],"curies":[{"name":"wp","href":"https:\/\/api.w.org\/{rel}","templated":true}]}}