{"id":28510,"date":"2023-11-04T00:12:33","date_gmt":"2023-11-03T23:12:33","guid":{"rendered":"http:\/\/innocentiemangonipiante.it\/chamaecyparis-pisifera-boulevard\/"},"modified":"2023-11-09T09:28:40","modified_gmt":"2023-11-09T08:28:40","slug":"chamaecyparis-pisifera-boulevard","status":"publish","type":"product","link":"https:\/\/innocentiemangonipiante.it\/es\/chamaecyparis-pisifera-boulevard\/","title":{"rendered":"CHAMAECYPARIS pisifera &#8216;Boulevard&#8217;"},"content":{"rendered":"<p>Con\u00edfera de porte de columnar a c\u00f3nico, con ramificaci\u00f3n erguida con las extremidades laterales colgantes. Follaje blando de color azul plateado. Prefiere terrenos m\u00e1s bien \u00e1cidos.<\/p>\n","protected":false},"excerpt":{"rendered":"<p>Con\u00edfera de porte de columnar a c\u00f3nico, con ramificaci\u00f3n erguida con las extremidades laterales colgantes. Follaje blando de color azul plateado. Prefiere terrenos m\u00e1s bien \u00e1cidos.<\/p>\n","protected":false},"featured_media":21381,"template":"","meta":{"_acf_changed":false},"product_brand":[],"product_cat":[8826],"product_tag":[10899],"class_list":{"0":"post-28510","1":"product","2":"type-product","3":"status-publish","4":"has-post-thumbnail","6":"product_cat-coniferas","7":"product_tag-natural-es","8":"pa_altezza-massima-200-es","9":"pa_altezza-massima-300-es","10":"pa_colore-delle-foglie-azul","11":"pa_famiglia-cupressaceae-es","12":"pa_genere-chamaecyparis-es","13":"pa_inquinamento-resistente-al-smog","14":"pa_origine-lejano-oriente","15":"pa_portamento-de-columna-es","16":"pa_resistenza-climatica-muy-elevada","17":"pa_resistenza-del-suolo-resistente-a-la-humedad","18":"pa_resistenza-del-suolo-resistente-a-los-suelos-calcareos","19":"pa_utilizzo-parques","20":"pa_utilizzo-pequenos-jardines","22":"first","23":"instock","24":"purchasable","25":"product-type-simple"},"acf":[],"_links":{"self":[{"href":"https:\/\/innocentiemangonipiante.it\/es\/wp-json\/wp\/v2\/product\/28510","targetHints":{"allow":["GET"]}}],"collection":[{"href":"https:\/\/innocentiemangonipiante.it\/es\/wp-json\/wp\/v2\/product"}],"about":[{"href":"https:\/\/innocentiemangonipiante.it\/es\/wp-json\/wp\/v2\/types\/product"}],"wp:featuredmedia":[{"embeddable":true,"href":"https:\/\/innocentiemangonipiante.it\/es\/wp-json\/wp\/v2\/media\/21381"}],"wp:attachment":[{"href":"https:\/\/innocentiemangonipiante.it\/es\/wp-json\/wp\/v2\/media?parent=28510"}],"wp:term":[{"taxonomy":"product_brand","embeddable":true,"href":"https:\/\/innocentiemangonipiante.it\/es\/wp-json\/wp\/v2\/product_brand?post=28510"},{"taxonomy":"product_cat","embeddable":true,"href":"https:\/\/innocentiemangonipiante.it\/es\/wp-json\/wp\/v2\/product_cat?post=28510"},{"taxonomy":"product_tag","embeddable":true,"href":"https:\/\/innocentiemangonipiante.it\/es\/wp-json\/wp\/v2\/product_tag?post=28510"}],"curies":[{"name":"wp","href":"https:\/\/api.w.org\/{rel}","templated":true}]}}