{"id":28615,"date":"2023-11-04T00:24:20","date_gmt":"2023-11-03T23:24:20","guid":{"rendered":"http:\/\/innocentiemangonipiante.it\/cornus-kousa-2\/"},"modified":"2023-11-09T09:37:17","modified_gmt":"2023-11-09T08:37:17","slug":"cornus-kousa","status":"publish","type":"product","link":"https:\/\/innocentiemangonipiante.it\/es\/cornus-kousa\/","title":{"rendered":"CORNUS kousa"},"content":{"rendered":"<p>Arbusto medio caduco de hojas opuestas, de ovoides a el\u00edpticas, de 5 a 7 cm de largo, ligeramente onduladas, de color verde. En mayo-junio brotan flores grandes de hasta 8 cm, compuestas por 4 br\u00e1cteas de color blanco, a continuaci\u00f3n da frutos p\u00e9ndulos comestibles, de forma redondeada de aproximadamente 2 cm de di\u00e1metro, inicialmente son verdes y luego amarillentos y rojos cuando est\u00e1n maduros.<\/p>\n","protected":false},"excerpt":{"rendered":"<p>Arbusto medio caduco de hojas opuestas, de ovoides a el\u00edpticas, de 5 a 7 cm de largo, ligeramente onduladas, de color verde. En mayo-junio brotan flores grandes de hasta 8 cm, compuestas por 4 br\u00e1cteas de color blanco, a continuaci\u00f3n da frutos p\u00e9ndulos comestibles, de forma redondeada de aproximadamente 2 cm de di\u00e1metro, inicialmente son [&hellip;]<\/p>\n","protected":false},"featured_media":21556,"template":"","meta":{"_acf_changed":false},"product_brand":[],"product_cat":[8814],"product_tag":[10899],"class_list":{"0":"post-28615","1":"product","2":"type-product","3":"status-publish","4":"has-post-thumbnail","6":"product_cat-arboles-y-arbustos-de-hoja-caduca","7":"product_tag-natural-es","8":"pa_altezza-massima-500-es","9":"pa_altezza-massima-800-es","10":"pa_colore-fioritura-blanco","11":"pa_famiglia-cornaceae-es","12":"pa_genere-cornus-es","13":"pa_origine-asia-oriental","14":"pa_periodo-fioritura-junio","15":"pa_periodo-fioritura-mayo","16":"pa_periodo-fruttificazione-septiembre","17":"pa_portamento-eretto-es","18":"pa_resistenza-climatica-muy-elevada","19":"pa_utilizzo-parques","20":"pa_utilizzo-pequenos-jardines","22":"first","23":"instock","24":"purchasable","25":"product-type-simple"},"acf":[],"_links":{"self":[{"href":"https:\/\/innocentiemangonipiante.it\/es\/wp-json\/wp\/v2\/product\/28615","targetHints":{"allow":["GET"]}}],"collection":[{"href":"https:\/\/innocentiemangonipiante.it\/es\/wp-json\/wp\/v2\/product"}],"about":[{"href":"https:\/\/innocentiemangonipiante.it\/es\/wp-json\/wp\/v2\/types\/product"}],"wp:featuredmedia":[{"embeddable":true,"href":"https:\/\/innocentiemangonipiante.it\/es\/wp-json\/wp\/v2\/media\/21556"}],"wp:attachment":[{"href":"https:\/\/innocentiemangonipiante.it\/es\/wp-json\/wp\/v2\/media?parent=28615"}],"wp:term":[{"taxonomy":"product_brand","embeddable":true,"href":"https:\/\/innocentiemangonipiante.it\/es\/wp-json\/wp\/v2\/product_brand?post=28615"},{"taxonomy":"product_cat","embeddable":true,"href":"https:\/\/innocentiemangonipiante.it\/es\/wp-json\/wp\/v2\/product_cat?post=28615"},{"taxonomy":"product_tag","embeddable":true,"href":"https:\/\/innocentiemangonipiante.it\/es\/wp-json\/wp\/v2\/product_tag?post=28615"}],"curies":[{"name":"wp","href":"https:\/\/api.w.org\/{rel}","templated":true}]}}