{"id":28634,"date":"2023-11-04T00:26:23","date_gmt":"2023-11-03T23:26:23","guid":{"rendered":"http:\/\/innocentiemangonipiante.it\/cornus-mas\/"},"modified":"2023-11-09T09:38:53","modified_gmt":"2023-11-09T08:38:53","slug":"cornus-mas","status":"publish","type":"product","link":"https:\/\/innocentiemangonipiante.it\/es\/cornus-mas\/","title":{"rendered":"CORNUS mas"},"content":{"rendered":"<p>Gran arbusto o \u00e1rbol peque\u00f1o .R\u00fastico, con corteza rugosa. Flores amarillas en febrero y marzo, seguidas de bayas rojas.<\/p>\n","protected":false},"excerpt":{"rendered":"<p>Gran arbusto o \u00e1rbol peque\u00f1o .R\u00fastico, con corteza rugosa. Flores amarillas en febrero y marzo, seguidas de bayas rojas.<\/p>\n","protected":false},"featured_media":21589,"template":"","meta":{"_acf_changed":false},"product_brand":[],"product_cat":[8814,9232],"product_tag":[10899],"class_list":{"0":"post-28634","1":"product","2":"type-product","3":"status-publish","4":"has-post-thumbnail","6":"product_cat-arboles-y-arbustos-de-hoja-caduca","7":"product_cat-arboles-y-plantas-del-futuro","8":"product_tag-natural-es","9":"pa_altezza-massima-500-es","10":"pa_altezza-massima-800-es","11":"pa_colore-fioritura-amarillo","12":"pa_famiglia-cornaceae-es","13":"pa_genere-cornus-es","14":"pa_inquinamento-resistente-al-smog","15":"pa_origine-alemania","16":"pa_periodo-fioritura-febrero","17":"pa_periodo-fioritura-marzo-es","18":"pa_portamento-arrotondato-es","19":"pa_resistenza-climatica-muy-elevada","20":"pa_utilizzo-parques","21":"pa_utilizzo-pequenos-jardines","23":"first","24":"instock","25":"purchasable","26":"product-type-simple"},"acf":[],"_links":{"self":[{"href":"https:\/\/innocentiemangonipiante.it\/es\/wp-json\/wp\/v2\/product\/28634","targetHints":{"allow":["GET"]}}],"collection":[{"href":"https:\/\/innocentiemangonipiante.it\/es\/wp-json\/wp\/v2\/product"}],"about":[{"href":"https:\/\/innocentiemangonipiante.it\/es\/wp-json\/wp\/v2\/types\/product"}],"wp:featuredmedia":[{"embeddable":true,"href":"https:\/\/innocentiemangonipiante.it\/es\/wp-json\/wp\/v2\/media\/21589"}],"wp:attachment":[{"href":"https:\/\/innocentiemangonipiante.it\/es\/wp-json\/wp\/v2\/media?parent=28634"}],"wp:term":[{"taxonomy":"product_brand","embeddable":true,"href":"https:\/\/innocentiemangonipiante.it\/es\/wp-json\/wp\/v2\/product_brand?post=28634"},{"taxonomy":"product_cat","embeddable":true,"href":"https:\/\/innocentiemangonipiante.it\/es\/wp-json\/wp\/v2\/product_cat?post=28634"},{"taxonomy":"product_tag","embeddable":true,"href":"https:\/\/innocentiemangonipiante.it\/es\/wp-json\/wp\/v2\/product_tag?post=28634"}],"curies":[{"name":"wp","href":"https:\/\/api.w.org\/{rel}","templated":true}]}}