{"id":28664,"date":"2023-11-04T00:30:40","date_gmt":"2023-11-03T23:30:40","guid":{"rendered":"http:\/\/innocentiemangonipiante.it\/cotinus-x-grace-2\/"},"modified":"2023-11-09T09:41:59","modified_gmt":"2023-11-09T08:41:59","slug":"cotinus-x-grace","status":"publish","type":"product","link":"https:\/\/innocentiemangonipiante.it\/es\/cotinus-x-grace\/","title":{"rendered":"COTINUS x &#8216;Grace&#8217;"},"content":{"rendered":"<p>\u00c1rbol peque\u00f1o o arbusto matoso, vigoroso, con grandes hojas ovales color p\u00farpura largas hasta 10 cm que vuelven a rojo brillante en oto\u00f1o.<\/p>\n","protected":false},"excerpt":{"rendered":"<p>\u00c1rbol peque\u00f1o o arbusto matoso, vigoroso, con grandes hojas ovales color p\u00farpura largas hasta 10 cm que vuelven a rojo brillante en oto\u00f1o.<\/p>\n","protected":false},"featured_media":2064,"template":"","meta":{"_acf_changed":false},"product_brand":[],"product_cat":[8814],"product_tag":[10899,8737],"class_list":{"0":"post-28664","1":"product","2":"type-product","3":"status-publish","4":"has-post-thumbnail","6":"product_cat-arboles-y-arbustos-de-hoja-caduca","7":"product_tag-natural-es","8":"product_tag-cuarto-de-tallo","9":"pa_altezza-massima-300-es","10":"pa_altezza-massima-500-es","11":"pa_colore-delle-foglie-rojas","12":"pa_colore-fioritura-rojo","13":"pa_condizionamento-clt-es","14":"pa_famiglia-anacardiaceae-es-2","15":"pa_genere-cotinus-es","16":"pa_origine-europe-es","17":"pa_periodo-fioritura-agosto-es","18":"pa_periodo-fioritura-julio","19":"pa_portamento-cespuglioso-es","20":"pa_resistenza-climatica-muy-elevada","21":"pa_resistenza-del-suolo-resistente-a-los-suelos-calcareos","22":"pa_resistenza-del-suolo-resistente-a-los-suelos-secos","23":"pa_utilizzo-parques","24":"pa_utilizzo-pequenos-jardines","26":"first","27":"instock","28":"purchasable","29":"product-type-simple"},"acf":[],"_links":{"self":[{"href":"https:\/\/innocentiemangonipiante.it\/es\/wp-json\/wp\/v2\/product\/28664","targetHints":{"allow":["GET"]}}],"collection":[{"href":"https:\/\/innocentiemangonipiante.it\/es\/wp-json\/wp\/v2\/product"}],"about":[{"href":"https:\/\/innocentiemangonipiante.it\/es\/wp-json\/wp\/v2\/types\/product"}],"wp:featuredmedia":[{"embeddable":true,"href":"https:\/\/innocentiemangonipiante.it\/es\/wp-json\/wp\/v2\/media\/2064"}],"wp:attachment":[{"href":"https:\/\/innocentiemangonipiante.it\/es\/wp-json\/wp\/v2\/media?parent=28664"}],"wp:term":[{"taxonomy":"product_brand","embeddable":true,"href":"https:\/\/innocentiemangonipiante.it\/es\/wp-json\/wp\/v2\/product_brand?post=28664"},{"taxonomy":"product_cat","embeddable":true,"href":"https:\/\/innocentiemangonipiante.it\/es\/wp-json\/wp\/v2\/product_cat?post=28664"},{"taxonomy":"product_tag","embeddable":true,"href":"https:\/\/innocentiemangonipiante.it\/es\/wp-json\/wp\/v2\/product_tag?post=28664"}],"curies":[{"name":"wp","href":"https:\/\/api.w.org\/{rel}","templated":true}]}}