{"id":28692,"date":"2023-11-04T00:36:07","date_gmt":"2023-11-03T23:36:07","guid":{"rendered":"http:\/\/innocentiemangonipiante.it\/cupressus-torulosa\/"},"modified":"2023-11-09T09:46:11","modified_gmt":"2023-11-09T08:46:11","slug":"cupressus-torulosa","status":"publish","type":"product","link":"https:\/\/innocentiemangonipiante.it\/es\/cupressus-torulosa\/","title":{"rendered":"CUPRESSUS torulosa"},"content":{"rendered":"<p>\u00c1rbol caduco en forma c\u00f3nica, con hojas ovaladas de color verde. Las flores son blancas y se producen a finales de primavera, a continuaci\u00f3n frutos de peque\u00f1as dimensiones de color naranja-rojo.<\/p>\n","protected":false},"excerpt":{"rendered":"<p>\u00c1rbol caduco en forma c\u00f3nica, con hojas ovaladas de color verde. Las flores son blancas y se producen a finales de primavera, a continuaci\u00f3n frutos de peque\u00f1as dimensiones de color naranja-rojo.<\/p>\n","protected":false},"featured_media":21723,"template":"","meta":{"_acf_changed":false},"product_brand":[],"product_cat":[8826],"product_tag":[10899],"class_list":{"0":"post-28692","1":"product","2":"type-product","3":"status-publish","4":"has-post-thumbnail","6":"product_cat-coniferas","7":"product_tag-natural-es","8":"pa_altezza-massima-30-metros","9":"pa_altezza-massima-4500-es","10":"pa_famiglia-cupressaceae-es","11":"pa_genere-cupressus-es","12":"pa_origine-north-india-es","13":"pa_portamento-conico-es","14":"pa_resistenza-climatica-muy-elevada","15":"pa_resistenza-del-suolo-resistente-a-la-humedad","16":"pa_resistenza-del-suolo-resistente-a-los-suelos-calcareos","17":"pa_utilizzo-parques","19":"first","20":"instock","21":"purchasable","22":"product-type-simple"},"acf":[],"_links":{"self":[{"href":"https:\/\/innocentiemangonipiante.it\/es\/wp-json\/wp\/v2\/product\/28692","targetHints":{"allow":["GET"]}}],"collection":[{"href":"https:\/\/innocentiemangonipiante.it\/es\/wp-json\/wp\/v2\/product"}],"about":[{"href":"https:\/\/innocentiemangonipiante.it\/es\/wp-json\/wp\/v2\/types\/product"}],"wp:featuredmedia":[{"embeddable":true,"href":"https:\/\/innocentiemangonipiante.it\/es\/wp-json\/wp\/v2\/media\/21723"}],"wp:attachment":[{"href":"https:\/\/innocentiemangonipiante.it\/es\/wp-json\/wp\/v2\/media?parent=28692"}],"wp:term":[{"taxonomy":"product_brand","embeddable":true,"href":"https:\/\/innocentiemangonipiante.it\/es\/wp-json\/wp\/v2\/product_brand?post=28692"},{"taxonomy":"product_cat","embeddable":true,"href":"https:\/\/innocentiemangonipiante.it\/es\/wp-json\/wp\/v2\/product_cat?post=28692"},{"taxonomy":"product_tag","embeddable":true,"href":"https:\/\/innocentiemangonipiante.it\/es\/wp-json\/wp\/v2\/product_tag?post=28692"}],"curies":[{"name":"wp","href":"https:\/\/api.w.org\/{rel}","templated":true}]}}