{"id":28806,"date":"2023-11-04T00:49:33","date_gmt":"2023-11-03T23:49:33","guid":{"rendered":"http:\/\/innocentiemangonipiante.it\/euonymus-japonicus-euro-2\/"},"modified":"2023-10-06T12:26:40","modified_gmt":"2023-10-06T10:26:40","slug":"euonymus-japonicus-euro-2","status":"publish","type":"product","link":"https:\/\/innocentiemangonipiante.it\/es\/euonymus-japonicus-euro-2\/","title":{"rendered":"EUONYMUS japonicus &#8216;Euro&#8217;"},"content":{"rendered":"<p>Peque\u00f1o arbusto perenne, parecido a E. japonicus. Hojas verde oscuro m\u00e1s peque\u00f1as que tipo. Porte regular y compacto.<\/p>\n","protected":false},"excerpt":{"rendered":"<p>Peque\u00f1o arbusto perenne, parecido a E. japonicus. Hojas verde oscuro m\u00e1s peque\u00f1as que tipo. Porte regular y compacto.<\/p>\n","protected":false},"featured_media":21976,"template":"","meta":{"_acf_changed":false},"product_brand":[],"product_cat":[8815],"product_tag":[10899],"class_list":{"0":"post-28806","1":"product","2":"type-product","3":"status-publish","4":"has-post-thumbnail","6":"product_cat-arboles-y-arbustos-persistentes","7":"product_tag-natural-es","8":"pa_altezza-massima-100-es","9":"pa_altezza-massima-150-es","10":"pa_famiglia-celastraceae-es","11":"pa_genere-euonymus-es","12":"pa_origine-italia-es","13":"pa_portamento-cespuglioso-es","14":"pa_resistenza-climatica-media-elevada","15":"pa_resistenza-del-suolo-resistente-a-los-suelos-secos","16":"pa_salinita-resistente-alla-salsedine-es","17":"pa_utilizzo-balcones","18":"pa_utilizzo-borduras","19":"pa_utilizzo-pequenos-jardines","20":"pa_utilizzo-setos","22":"first","23":"instock","24":"purchasable","25":"product-type-simple"},"acf":[],"_links":{"self":[{"href":"https:\/\/innocentiemangonipiante.it\/es\/wp-json\/wp\/v2\/product\/28806","targetHints":{"allow":["GET"]}}],"collection":[{"href":"https:\/\/innocentiemangonipiante.it\/es\/wp-json\/wp\/v2\/product"}],"about":[{"href":"https:\/\/innocentiemangonipiante.it\/es\/wp-json\/wp\/v2\/types\/product"}],"wp:featuredmedia":[{"embeddable":true,"href":"https:\/\/innocentiemangonipiante.it\/es\/wp-json\/wp\/v2\/media\/21976"}],"wp:attachment":[{"href":"https:\/\/innocentiemangonipiante.it\/es\/wp-json\/wp\/v2\/media?parent=28806"}],"wp:term":[{"taxonomy":"product_brand","embeddable":true,"href":"https:\/\/innocentiemangonipiante.it\/es\/wp-json\/wp\/v2\/product_brand?post=28806"},{"taxonomy":"product_cat","embeddable":true,"href":"https:\/\/innocentiemangonipiante.it\/es\/wp-json\/wp\/v2\/product_cat?post=28806"},{"taxonomy":"product_tag","embeddable":true,"href":"https:\/\/innocentiemangonipiante.it\/es\/wp-json\/wp\/v2\/product_tag?post=28806"}],"curies":[{"name":"wp","href":"https:\/\/api.w.org\/{rel}","templated":true}]}}