{"id":28958,"date":"2023-11-04T01:04:41","date_gmt":"2023-11-04T00:04:41","guid":{"rendered":"http:\/\/innocentiemangonipiante.it\/gleditsia-triacanthos-sunburst-2\/"},"modified":"2023-10-06T12:30:49","modified_gmt":"2023-10-06T10:30:49","slug":"gleditsia-triacanthos-sunburst-2","status":"publish","type":"product","link":"https:\/\/innocentiemangonipiante.it\/es\/gleditsia-triacanthos-sunburst-2\/","title":{"rendered":"GLEDITSIA triacanthos &#8216;Sunburst&#8217; \u00ae"},"content":{"rendered":"<p>\u00c1rbol peque\u00f1o caduco de porte muy c\u00f3nico a lo ancho. La corteza es de color gris-verde brillante. La extremidad de las ramas, que no tienen espinas, es de color amarillo-oro. Las hojas alternas, bipinnadas, compuestas cada una de 20-30 hojitas alargadas y puntiagudas de 2 a 3 cm de largo, son de color amarillo dorado.<\/p>\n","protected":false},"excerpt":{"rendered":"<p>\u00c1rbol peque\u00f1o caduco de porte muy c\u00f3nico a lo ancho. La corteza es de color gris-verde brillante. La extremidad de las ramas, que no tienen espinas, es de color amarillo-oro. Las hojas alternas, bipinnadas, compuestas cada una de 20-30 hojitas alargadas y puntiagudas de 2 a 3 cm de largo, son de color amarillo dorado.<\/p>\n","protected":false},"featured_media":22250,"template":"","meta":{"_acf_changed":false},"product_brand":[],"product_cat":[8814,9232],"product_tag":[10899,10903,8402],"class_list":{"0":"post-28958","1":"product","2":"type-product","3":"status-publish","4":"has-post-thumbnail","6":"product_cat-arboles-y-arbustos-de-hoja-caduca","7":"product_cat-arboles-y-plantas-del-futuro","8":"product_tag-natural-es","9":"product_tag-recepado","10":"product_tag-tallo-alto","11":"pa_altezza-massima-800-es","12":"pa_altezza-massima-12-metros","13":"pa_condizionamento-clt-es","14":"pa_condizionamento-placa","15":"pa_famiglia-leguminosae-es","16":"pa_genere-gleditsia-es","17":"pa_inquinamento-resistente-al-smog","18":"pa_origine-origine-delle-piante-u-s-a-es","19":"pa_portamento-piramidale-es","20":"pa_resistenza-climatica-muy-elevada","21":"pa_resistenza-del-suolo-resistente-a-los-suelos-calcareos","22":"pa_resistenza-del-suolo-resistente-a-los-suelos-pobres","23":"pa_resistenza-del-suolo-resistente-a-los-suelos-secos","24":"pa_salinita-resistente-alla-salsedine-es","25":"pa_utilizzo-parques","27":"first","28":"instock","29":"purchasable","30":"product-type-simple"},"acf":[],"_links":{"self":[{"href":"https:\/\/innocentiemangonipiante.it\/es\/wp-json\/wp\/v2\/product\/28958","targetHints":{"allow":["GET"]}}],"collection":[{"href":"https:\/\/innocentiemangonipiante.it\/es\/wp-json\/wp\/v2\/product"}],"about":[{"href":"https:\/\/innocentiemangonipiante.it\/es\/wp-json\/wp\/v2\/types\/product"}],"wp:featuredmedia":[{"embeddable":true,"href":"https:\/\/innocentiemangonipiante.it\/es\/wp-json\/wp\/v2\/media\/22250"}],"wp:attachment":[{"href":"https:\/\/innocentiemangonipiante.it\/es\/wp-json\/wp\/v2\/media?parent=28958"}],"wp:term":[{"taxonomy":"product_brand","embeddable":true,"href":"https:\/\/innocentiemangonipiante.it\/es\/wp-json\/wp\/v2\/product_brand?post=28958"},{"taxonomy":"product_cat","embeddable":true,"href":"https:\/\/innocentiemangonipiante.it\/es\/wp-json\/wp\/v2\/product_cat?post=28958"},{"taxonomy":"product_tag","embeddable":true,"href":"https:\/\/innocentiemangonipiante.it\/es\/wp-json\/wp\/v2\/product_tag?post=28958"}],"curies":[{"name":"wp","href":"https:\/\/api.w.org\/{rel}","templated":true}]}}