{"id":28974,"date":"2023-11-04T01:05:50","date_gmt":"2023-11-04T00:05:50","guid":{"rendered":"http:\/\/innocentiemangonipiante.it\/halesia-carolina\/"},"modified":"2023-10-06T12:31:05","modified_gmt":"2023-10-06T10:31:05","slug":"halesia-carolina","status":"publish","type":"product","link":"https:\/\/innocentiemangonipiante.it\/es\/halesia-carolina\/","title":{"rendered":"HALESIA carolina"},"content":{"rendered":"<p>Arbusto o \u00e1rbol peque\u00f1o caduco. Corteza lisa color marr\u00f3n claro gris\u00e1ceo. Hojas verdes. Interesante por su floraci\u00f3n primaveral blancarosada en forma de campana.<\/p>\n","protected":false},"excerpt":{"rendered":"<p>Arbusto o \u00e1rbol peque\u00f1o caduco. Corteza lisa color marr\u00f3n claro gris\u00e1ceo. Hojas verdes. Interesante por su floraci\u00f3n primaveral blancarosada en forma de campana.<\/p>\n","protected":false},"featured_media":22300,"template":"","meta":{"_acf_changed":false},"product_brand":[],"product_cat":[8312],"product_tag":[10899],"class_list":{"0":"post-28974","1":"product","2":"type-product","3":"status-publish","4":"has-post-thumbnail","6":"product_cat-sin-categoria","7":"product_tag-natural-es","8":"pa_altezza-massima-400-es","9":"pa_altezza-massima-600-es","10":"pa_colore-fioritura-blanco","11":"pa_famiglia-styracaceae-es","12":"pa_genere-halesia-es","13":"pa_origine-origine-delle-piante-u-s-a-es","14":"pa_periodo-fioritura-abril","15":"pa_periodo-fioritura-mayo","16":"pa_portamento-arrotondato-es","17":"pa_resistenza-climatica-muy-elevada","18":"pa_resistenza-del-suolo-resistente-a-la-humedad","19":"pa_utilizzo-pequenos-jardines","21":"first","22":"instock","23":"purchasable","24":"product-type-simple"},"acf":[],"_links":{"self":[{"href":"https:\/\/innocentiemangonipiante.it\/es\/wp-json\/wp\/v2\/product\/28974","targetHints":{"allow":["GET"]}}],"collection":[{"href":"https:\/\/innocentiemangonipiante.it\/es\/wp-json\/wp\/v2\/product"}],"about":[{"href":"https:\/\/innocentiemangonipiante.it\/es\/wp-json\/wp\/v2\/types\/product"}],"wp:featuredmedia":[{"embeddable":true,"href":"https:\/\/innocentiemangonipiante.it\/es\/wp-json\/wp\/v2\/media\/22300"}],"wp:attachment":[{"href":"https:\/\/innocentiemangonipiante.it\/es\/wp-json\/wp\/v2\/media?parent=28974"}],"wp:term":[{"taxonomy":"product_brand","embeddable":true,"href":"https:\/\/innocentiemangonipiante.it\/es\/wp-json\/wp\/v2\/product_brand?post=28974"},{"taxonomy":"product_cat","embeddable":true,"href":"https:\/\/innocentiemangonipiante.it\/es\/wp-json\/wp\/v2\/product_cat?post=28974"},{"taxonomy":"product_tag","embeddable":true,"href":"https:\/\/innocentiemangonipiante.it\/es\/wp-json\/wp\/v2\/product_tag?post=28974"}],"curies":[{"name":"wp","href":"https:\/\/api.w.org\/{rel}","templated":true}]}}