{"id":29038,"date":"2023-11-04T01:11:41","date_gmt":"2023-11-04T00:11:41","guid":{"rendered":"http:\/\/innocentiemangonipiante.it\/hibiscus-syriacus-resi\/"},"modified":"2023-10-06T12:32:43","modified_gmt":"2023-10-06T10:32:43","slug":"hibiscus-syriacus-resi","status":"publish","type":"product","link":"https:\/\/innocentiemangonipiante.it\/es\/hibiscus-syriacus-resi\/","title":{"rendered":"HIBISCUS syriacus &#8216;Resi&#8217;"},"content":{"rendered":"<p>Selecci\u00f3n r\u00fastica de Hibiscus con crecimiento r\u00e1pido (hasta 5 mt) con flor muy grande de color violeta de julio a octubre.<\/p>\n","protected":false},"excerpt":{"rendered":"<p>Selecci\u00f3n r\u00fastica de Hibiscus con crecimiento r\u00e1pido (hasta 5 mt) con flor muy grande de color violeta de julio a octubre.<\/p>\n","protected":false},"featured_media":45168,"template":"","meta":{"_acf_changed":false},"product_brand":[],"product_cat":[8814,9232],"product_tag":[10899],"class_list":{"0":"post-29038","1":"product","2":"type-product","3":"status-publish","4":"has-post-thumbnail","6":"product_cat-arboles-y-arbustos-de-hoja-caduca","7":"product_cat-arboles-y-plantas-del-futuro","8":"product_tag-natural-es","9":"pa_altezza-massima-300-es","10":"pa_altezza-massima-500-es","11":"pa_colore-fioritura-violeta","12":"pa_famiglia-malvaceae-es","13":"pa_genere-hibiscus-es","14":"pa_origine-europe-es","15":"pa_periodo-fioritura-agosto-es","16":"pa_periodo-fioritura-julio","17":"pa_periodo-fioritura-octubre","18":"pa_periodo-fioritura-septiembre","19":"pa_portamento-eretto-es","20":"pa_resistenza-climatica-muy-elevada","21":"pa_resistenza-del-suolo-resistente-a-los-suelos-calcareos","22":"pa_utilizzo-parques","23":"pa_utilizzo-pequenos-jardines","25":"first","26":"instock","27":"purchasable","28":"product-type-simple"},"acf":[],"_links":{"self":[{"href":"https:\/\/innocentiemangonipiante.it\/es\/wp-json\/wp\/v2\/product\/29038","targetHints":{"allow":["GET"]}}],"collection":[{"href":"https:\/\/innocentiemangonipiante.it\/es\/wp-json\/wp\/v2\/product"}],"about":[{"href":"https:\/\/innocentiemangonipiante.it\/es\/wp-json\/wp\/v2\/types\/product"}],"wp:featuredmedia":[{"embeddable":true,"href":"https:\/\/innocentiemangonipiante.it\/es\/wp-json\/wp\/v2\/media\/45168"}],"wp:attachment":[{"href":"https:\/\/innocentiemangonipiante.it\/es\/wp-json\/wp\/v2\/media?parent=29038"}],"wp:term":[{"taxonomy":"product_brand","embeddable":true,"href":"https:\/\/innocentiemangonipiante.it\/es\/wp-json\/wp\/v2\/product_brand?post=29038"},{"taxonomy":"product_cat","embeddable":true,"href":"https:\/\/innocentiemangonipiante.it\/es\/wp-json\/wp\/v2\/product_cat?post=29038"},{"taxonomy":"product_tag","embeddable":true,"href":"https:\/\/innocentiemangonipiante.it\/es\/wp-json\/wp\/v2\/product_tag?post=29038"}],"curies":[{"name":"wp","href":"https:\/\/api.w.org\/{rel}","templated":true}]}}