{"id":29083,"date":"2023-11-04T01:17:06","date_gmt":"2023-11-04T00:17:06","guid":{"rendered":"http:\/\/innocentiemangonipiante.it\/ilex-aquifolium-alaska\/"},"modified":"2023-10-06T12:34:17","modified_gmt":"2023-10-06T10:34:17","slug":"ilex-aquifolium-alaska","status":"publish","type":"product","link":"https:\/\/innocentiemangonipiante.it\/es\/ilex-aquifolium-alaska\/","title":{"rendered":"ILEX aquifolium &#8216;Alaska&#8217;"},"content":{"rendered":"<p>Arbusto perennifolio de porte compacto. Planta muy r\u00fastica y cori\u00e1cea, con hojas de color verde oscuro, l\u00facidas, de 2-4 cm de largo, con m\u00e1rgenes especialmente ondulados y espinosos. Probablemente es la variedad m\u00e1s prol\u00edfica.<\/p>\n","protected":false},"excerpt":{"rendered":"<p>Arbusto perennifolio de porte compacto. Planta muy r\u00fastica y cori\u00e1cea, con hojas de color verde oscuro, l\u00facidas, de 2-4 cm de largo, con m\u00e1rgenes especialmente ondulados y espinosos. Probablemente es la variedad m\u00e1s prol\u00edfica.<\/p>\n","protected":false},"featured_media":22549,"template":"","meta":{"_acf_changed":false},"product_brand":[],"product_cat":[8815],"product_tag":[10899],"class_list":{"0":"post-29083","1":"product","2":"type-product","3":"status-publish","4":"has-post-thumbnail","6":"product_cat-arboles-y-arbustos-persistentes","7":"product_tag-natural-es","8":"pa_altezza-massima-400-es","9":"pa_altezza-massima-600-es","10":"pa_colore-fioritura-blanco","11":"pa_famiglia-aquifoliaceae-es","12":"pa_genere-ilex-es","13":"pa_origine-holanda","14":"pa_periodo-fioritura-octubre","15":"pa_periodo-fioritura-septiembre","16":"pa_portamento-arrotondato-es","17":"pa_resistenza-climatica-muy-elevada","18":"pa_salinita-resistente-alla-salsedine-es","19":"pa_utilizzo-parques","20":"pa_utilizzo-pequenos-jardines","21":"pa_utilizzo-setos","23":"first","24":"instock","25":"purchasable","26":"product-type-simple"},"acf":[],"_links":{"self":[{"href":"https:\/\/innocentiemangonipiante.it\/es\/wp-json\/wp\/v2\/product\/29083","targetHints":{"allow":["GET"]}}],"collection":[{"href":"https:\/\/innocentiemangonipiante.it\/es\/wp-json\/wp\/v2\/product"}],"about":[{"href":"https:\/\/innocentiemangonipiante.it\/es\/wp-json\/wp\/v2\/types\/product"}],"wp:featuredmedia":[{"embeddable":true,"href":"https:\/\/innocentiemangonipiante.it\/es\/wp-json\/wp\/v2\/media\/22549"}],"wp:attachment":[{"href":"https:\/\/innocentiemangonipiante.it\/es\/wp-json\/wp\/v2\/media?parent=29083"}],"wp:term":[{"taxonomy":"product_brand","embeddable":true,"href":"https:\/\/innocentiemangonipiante.it\/es\/wp-json\/wp\/v2\/product_brand?post=29083"},{"taxonomy":"product_cat","embeddable":true,"href":"https:\/\/innocentiemangonipiante.it\/es\/wp-json\/wp\/v2\/product_cat?post=29083"},{"taxonomy":"product_tag","embeddable":true,"href":"https:\/\/innocentiemangonipiante.it\/es\/wp-json\/wp\/v2\/product_tag?post=29083"}],"curies":[{"name":"wp","href":"https:\/\/api.w.org\/{rel}","templated":true}]}}