{"id":29173,"date":"2023-11-04T01:27:42","date_gmt":"2023-11-04T00:27:42","guid":{"rendered":"http:\/\/innocentiemangonipiante.it\/koelreuteria-paniculata-coral-sun-2\/"},"modified":"2023-10-06T12:37:06","modified_gmt":"2023-10-06T10:37:06","slug":"koelreuteria-paniculata-coral-sun-2","status":"publish","type":"product","link":"https:\/\/innocentiemangonipiante.it\/es\/koelreuteria-paniculata-coral-sun-2\/","title":{"rendered":"KOELREUTERIA paniculata &#8216;Coral Sun&#8217; \u00ae"},"content":{"rendered":"<p>Bell\u00edsima selecci\u00f3n caracterizada por el atractivo color coralino de sus brotes. Magn\u00edfica coloraci\u00f3n oto\u00f1al.<\/p>\n","protected":false},"excerpt":{"rendered":"<p>Bell\u00edsima selecci\u00f3n caracterizada por el atractivo color coralino de sus brotes. Magn\u00edfica coloraci\u00f3n oto\u00f1al.<\/p>\n","protected":false},"featured_media":22775,"template":"","meta":{"_acf_changed":false},"product_brand":[],"product_cat":[8814],"product_tag":[10899],"class_list":{"0":"post-29173","1":"product","2":"type-product","3":"status-publish","4":"has-post-thumbnail","6":"product_cat-arboles-y-arbustos-de-hoja-caduca","7":"product_tag-natural-es","8":"pa_altezza-massima-500-es","9":"pa_altezza-massima-800-es","10":"pa_colore-delle-foglie-rojas","11":"pa_colore-fioritura-amarillo","12":"pa_famiglia-sapindaceae-es","13":"pa_genere-koelreuteria-es","14":"pa_inquinamento-resistente-al-smog","15":"pa_origine-holanda","16":"pa_periodo-fioritura-agosto-es","17":"pa_periodo-fioritura-septiembre","18":"pa_portamento-arrotondato-es","19":"pa_resistenza-climatica-muy-elevada","20":"pa_resistenza-del-suolo-resistente-a-los-suelos-calcareos","21":"pa_resistenza-del-suolo-resistente-a-los-suelos-secos","22":"pa_utilizzo-parques","23":"pa_utilizzo-pequenos-jardines","25":"first","26":"instock","27":"purchasable","28":"product-type-simple"},"acf":[],"_links":{"self":[{"href":"https:\/\/innocentiemangonipiante.it\/es\/wp-json\/wp\/v2\/product\/29173","targetHints":{"allow":["GET"]}}],"collection":[{"href":"https:\/\/innocentiemangonipiante.it\/es\/wp-json\/wp\/v2\/product"}],"about":[{"href":"https:\/\/innocentiemangonipiante.it\/es\/wp-json\/wp\/v2\/types\/product"}],"wp:featuredmedia":[{"embeddable":true,"href":"https:\/\/innocentiemangonipiante.it\/es\/wp-json\/wp\/v2\/media\/22775"}],"wp:attachment":[{"href":"https:\/\/innocentiemangonipiante.it\/es\/wp-json\/wp\/v2\/media?parent=29173"}],"wp:term":[{"taxonomy":"product_brand","embeddable":true,"href":"https:\/\/innocentiemangonipiante.it\/es\/wp-json\/wp\/v2\/product_brand?post=29173"},{"taxonomy":"product_cat","embeddable":true,"href":"https:\/\/innocentiemangonipiante.it\/es\/wp-json\/wp\/v2\/product_cat?post=29173"},{"taxonomy":"product_tag","embeddable":true,"href":"https:\/\/innocentiemangonipiante.it\/es\/wp-json\/wp\/v2\/product_tag?post=29173"}],"curies":[{"name":"wp","href":"https:\/\/api.w.org\/{rel}","templated":true}]}}