{"id":29251,"date":"2023-11-04T01:36:49","date_gmt":"2023-11-04T00:36:49","guid":{"rendered":"http:\/\/innocentiemangonipiante.it\/leucothoe-axyllaris-curly-red\/"},"modified":"2023-10-06T12:39:40","modified_gmt":"2023-10-06T10:39:40","slug":"leucothoe-axyllaris-curly-red","status":"publish","type":"product","link":"https:\/\/innocentiemangonipiante.it\/es\/leucothoe-axyllaris-curly-red\/","title":{"rendered":"LEUCOTHOE axyllaris &#8216;Curly Red&#8217; \u00ae"},"content":{"rendered":"<p>Arbusto perennifolio. Los nuevos brotes son rojos, luego verde medio, con forma convexa y m\u00e1rgenes ondulados. Con el fr\u00edo las hojas se pintan de rojo-marr\u00f3n.<\/p>\n","protected":false},"excerpt":{"rendered":"<p>Arbusto perennifolio. Los nuevos brotes son rojos, luego verde medio, con forma convexa y m\u00e1rgenes ondulados. Con el fr\u00edo las hojas se pintan de rojo-marr\u00f3n.<\/p>\n","protected":false},"featured_media":22902,"template":"","meta":{"_acf_changed":false},"product_brand":[],"product_cat":[8815],"product_tag":[10899],"class_list":{"0":"post-29251","1":"product","2":"type-product","3":"status-publish","4":"has-post-thumbnail","6":"product_cat-arboles-y-arbustos-persistentes","7":"product_tag-natural-es","8":"pa_altezza-massima-0_50-metros","9":"pa_altezza-massima-0_75-metros","10":"pa_colore-fioritura-blanco","11":"pa_famiglia-ericaceae-es","12":"pa_genere-leucothoe-es","13":"pa_origine-origine-delle-piante-u-s-a-es","14":"pa_periodo-fioritura-abril","15":"pa_periodo-fioritura-mayo","16":"pa_portamento-eretto-es","17":"pa_resistenza-climatica-muy-elevada","18":"pa_utilizzo-pequenos-jardines","20":"first","21":"instock","22":"purchasable","23":"product-type-simple"},"acf":[],"_links":{"self":[{"href":"https:\/\/innocentiemangonipiante.it\/es\/wp-json\/wp\/v2\/product\/29251","targetHints":{"allow":["GET"]}}],"collection":[{"href":"https:\/\/innocentiemangonipiante.it\/es\/wp-json\/wp\/v2\/product"}],"about":[{"href":"https:\/\/innocentiemangonipiante.it\/es\/wp-json\/wp\/v2\/types\/product"}],"wp:featuredmedia":[{"embeddable":true,"href":"https:\/\/innocentiemangonipiante.it\/es\/wp-json\/wp\/v2\/media\/22902"}],"wp:attachment":[{"href":"https:\/\/innocentiemangonipiante.it\/es\/wp-json\/wp\/v2\/media?parent=29251"}],"wp:term":[{"taxonomy":"product_brand","embeddable":true,"href":"https:\/\/innocentiemangonipiante.it\/es\/wp-json\/wp\/v2\/product_brand?post=29251"},{"taxonomy":"product_cat","embeddable":true,"href":"https:\/\/innocentiemangonipiante.it\/es\/wp-json\/wp\/v2\/product_cat?post=29251"},{"taxonomy":"product_tag","embeddable":true,"href":"https:\/\/innocentiemangonipiante.it\/es\/wp-json\/wp\/v2\/product_tag?post=29251"}],"curies":[{"name":"wp","href":"https:\/\/api.w.org\/{rel}","templated":true}]}}