{"id":29257,"date":"2023-11-04T01:37:06","date_gmt":"2023-11-04T00:37:06","guid":{"rendered":"http:\/\/innocentiemangonipiante.it\/leucothoe-fontanesiana-rainbow\/"},"modified":"2023-10-06T12:39:44","modified_gmt":"2023-10-06T10:39:44","slug":"leucothoe-fontanesiana-rainbow","status":"publish","type":"product","link":"https:\/\/innocentiemangonipiante.it\/es\/leucothoe-fontanesiana-rainbow\/","title":{"rendered":"LEUCOTHOE fontanesiana &#8216;Rainbow&#8217;"},"content":{"rendered":"<p>Arbusto perennifolio erguido, con hojas lanceoladas de color rojo p\u00farpura oscuro de j\u00f3venes, luego verde oscuro y color bronce en invierno. En primavera aparecen peque\u00f1as flores blancas de forma cil\u00edndrica.<\/p>\n","protected":false},"excerpt":{"rendered":"<p>Arbusto perennifolio erguido, con hojas lanceoladas de color rojo p\u00farpura oscuro de j\u00f3venes, luego verde oscuro y color bronce en invierno. En primavera aparecen peque\u00f1as flores blancas de forma cil\u00edndrica.<\/p>\n","protected":false},"featured_media":22920,"template":"","meta":{"_acf_changed":false},"product_brand":[],"product_cat":[8815],"product_tag":[10899],"class_list":{"0":"post-29257","1":"product","2":"type-product","3":"status-publish","4":"has-post-thumbnail","6":"product_cat-arboles-y-arbustos-persistentes","7":"product_tag-natural-es","8":"pa_altezza-massima-0_80-metros","9":"pa_altezza-massima-130-es","10":"pa_colore-fioritura-blanco","11":"pa_famiglia-ericaceae-es","12":"pa_genere-leucothoe-es","13":"pa_origine-sudamerica","14":"pa_periodo-fioritura-abril","15":"pa_periodo-fioritura-mayo","16":"pa_portamento-eretto-es","17":"pa_resistenza-climatica-muy-elevada","18":"pa_utilizzo-pequenos-jardines","20":"first","21":"instock","22":"purchasable","23":"product-type-simple"},"acf":[],"_links":{"self":[{"href":"https:\/\/innocentiemangonipiante.it\/es\/wp-json\/wp\/v2\/product\/29257","targetHints":{"allow":["GET"]}}],"collection":[{"href":"https:\/\/innocentiemangonipiante.it\/es\/wp-json\/wp\/v2\/product"}],"about":[{"href":"https:\/\/innocentiemangonipiante.it\/es\/wp-json\/wp\/v2\/types\/product"}],"wp:featuredmedia":[{"embeddable":true,"href":"https:\/\/innocentiemangonipiante.it\/es\/wp-json\/wp\/v2\/media\/22920"}],"wp:attachment":[{"href":"https:\/\/innocentiemangonipiante.it\/es\/wp-json\/wp\/v2\/media?parent=29257"}],"wp:term":[{"taxonomy":"product_brand","embeddable":true,"href":"https:\/\/innocentiemangonipiante.it\/es\/wp-json\/wp\/v2\/product_brand?post=29257"},{"taxonomy":"product_cat","embeddable":true,"href":"https:\/\/innocentiemangonipiante.it\/es\/wp-json\/wp\/v2\/product_cat?post=29257"},{"taxonomy":"product_tag","embeddable":true,"href":"https:\/\/innocentiemangonipiante.it\/es\/wp-json\/wp\/v2\/product_tag?post=29257"}],"curies":[{"name":"wp","href":"https:\/\/api.w.org\/{rel}","templated":true}]}}