{"id":29281,"date":"2023-11-04T01:39:41","date_gmt":"2023-11-04T00:39:41","guid":{"rendered":"http:\/\/innocentiemangonipiante.it\/liquidambar-styraciflua-gum-ball-2\/"},"modified":"2023-10-06T12:40:33","modified_gmt":"2023-10-06T10:40:33","slug":"liquidambar-styraciflua-gum-ball-2","status":"publish","type":"product","link":"https:\/\/innocentiemangonipiante.it\/es\/liquidambar-styraciflua-gum-ball-2\/","title":{"rendered":"LIQUIDAMBAR styraciflua &#8216;Gum Ball&#8217;"},"content":{"rendered":"<p>Peque\u00f1o \u00e1rbol denso y globoso. Normalmente injertada sobre tallo alto, interesante por peque\u00f1os jardines. Bonita coloraci\u00f3n en oto\u00f1o.<\/p>\n","protected":false},"excerpt":{"rendered":"<p>Peque\u00f1o \u00e1rbol denso y globoso. Normalmente injertada sobre tallo alto, interesante por peque\u00f1os jardines. Bonita coloraci\u00f3n en oto\u00f1o.<\/p>\n","protected":false},"featured_media":22955,"template":"","meta":{"_acf_changed":false},"product_brand":[],"product_cat":[8814],"product_tag":[10899,8706,8737,8566,8718,8402],"class_list":{"0":"post-29281","1":"product","2":"type-product","3":"status-publish","4":"has-post-thumbnail","6":"product_cat-arboles-y-arbustos-de-hoja-caduca","7":"product_tag-natural-es","8":"product_tag-bola","9":"product_tag-cuarto-de-tallo","10":"product_tag-medio-tallo","11":"product_tag-pompons-es","12":"product_tag-tallo-alto","13":"pa_altezza-massima-300-es","14":"pa_altezza-massima-500-es","15":"pa_arte-topiaria-disponible-planta-en-forma","16":"pa_colore-fioritura-blanco","17":"pa_condizionamento-clt-es","18":"pa_condizionamento-placa","19":"pa_famiglia-hamamelidaceae-es","20":"pa_genere-liquidambar-es","21":"pa_origine-origine-delle-piante-u-s-a-es","22":"pa_periodo-fioritura-abril","23":"pa_portamento-arrotondato-es","24":"pa_resistenza-climatica-muy-elevada","25":"pa_resistenza-del-suolo-resistente-a-la-humedad","26":"pa_resistenza-del-suolo-resistente-a-los-suelos-calcareos","27":"pa_utilizzo-pequenos-jardines","29":"first","30":"instock","31":"purchasable","32":"product-type-simple"},"acf":[],"_links":{"self":[{"href":"https:\/\/innocentiemangonipiante.it\/es\/wp-json\/wp\/v2\/product\/29281","targetHints":{"allow":["GET"]}}],"collection":[{"href":"https:\/\/innocentiemangonipiante.it\/es\/wp-json\/wp\/v2\/product"}],"about":[{"href":"https:\/\/innocentiemangonipiante.it\/es\/wp-json\/wp\/v2\/types\/product"}],"wp:featuredmedia":[{"embeddable":true,"href":"https:\/\/innocentiemangonipiante.it\/es\/wp-json\/wp\/v2\/media\/22955"}],"wp:attachment":[{"href":"https:\/\/innocentiemangonipiante.it\/es\/wp-json\/wp\/v2\/media?parent=29281"}],"wp:term":[{"taxonomy":"product_brand","embeddable":true,"href":"https:\/\/innocentiemangonipiante.it\/es\/wp-json\/wp\/v2\/product_brand?post=29281"},{"taxonomy":"product_cat","embeddable":true,"href":"https:\/\/innocentiemangonipiante.it\/es\/wp-json\/wp\/v2\/product_cat?post=29281"},{"taxonomy":"product_tag","embeddable":true,"href":"https:\/\/innocentiemangonipiante.it\/es\/wp-json\/wp\/v2\/product_tag?post=29281"}],"curies":[{"name":"wp","href":"https:\/\/api.w.org\/{rel}","templated":true}]}}